{"id":3853,"date":"2023-01-04T14:42:50","date_gmt":"2023-01-04T13:42:50","guid":{"rendered":"https:\/\/insolitoposto.com\/contact\/"},"modified":"2023-12-01T11:20:36","modified_gmt":"2023-12-01T10:20:36","slug":"contact","status":"publish","type":"page","link":"https:\/\/insolitoposto.com\/fr\/contact\/","title":{"rendered":"Contact"},"content":{"rendered":"\n<div class=\"wp-block-columns are-vertically-aligned-center container-fluid large-gap position-relative overflow-hidden margin-top-5 margin-bottom-5 has-white-background-color has-background is-layout-flex wp-container-core-columns-is-layout-2 wp-block-columns-is-layout-flex\">\n<div class=\"wp-block-column is-vertically-aligned-center is-layout-flow wp-block-column-is-layout-flow\">\n<div class=\"wp-block-columns container mb-0 large-gap is-layout-flex wp-container-core-columns-is-layout-1 wp-block-columns-is-layout-flex\">\n<div class=\"wp-block-column is-vertically-aligned-center col-lg-6 col-12 mb-0 px-3 is-layout-flow wp-block-column-is-layout-flow\" style=\"flex-basis:50%\"><section class=\"text-and-image contact position-relative left \" style=\"\">\n  <div class=\"container\">\n    <div class=\"row align-stretch\">\n            <div class=\"col-lg-6 col-12 text-side-block\">\n        <h1 style=\"color:#bc2c31;\">\n          Contact        <\/h1>\n                <div class=\"description\" style=\"\">\n          <p><strong>L&rsquo;Insolito Posto<\/strong><br \/>\n<strong>Le tourisme en toute libert\u00e9<\/strong><br \/>\nVia U. Foscolo, 23\/c,<br \/>\n35020 Saonara PD<\/p>\n<p><strong>Si\u00e8ge juridique et administratif<\/strong><br \/>\nVia Morosini, 10<br \/>\n35020 Saonara (PD)<\/p>\n<p><strong>Coordonn\u00e9es<\/strong><br \/>\nTel: <a href=\"tel:+390495207590\">049 520 7590<\/a><br \/>\nEmail: <a href=\"mailto:info@insolitoposto.com\">info@insolitoposto.com<\/a><\/p>\n        <\/div>\n                    <div class=\"call-to-action\">\n              <a href=\"tel:+390495207590\" class=\"call-to-action\" style=\"color:#ffffff;background-color:#bc2c31;\">Appeler<\/a>\n            <\/div>\n                  <\/div>\n            <div class=\"col-lg-6 col-12 image-container\">\n              <\/div>\n          <\/div>\n  <\/div>\n<\/section>\n\n\n<div style=\"height:30px\" aria-hidden=\"true\" class=\"wp-block-spacer\"><\/div>\n\n\n\n<ul class=\"wp-block-social-links has-icon-color is-style-logos-only container is-layout-flex wp-block-social-links-is-layout-flex\"><li style=\"color: #000000; \" class=\"wp-social-link wp-social-link-facebook has-black-color wp-block-social-link\"><a rel=\"noopener nofollow\" target=\"_blank\" href=\"https:\/\/#\" class=\"wp-block-social-link-anchor\"><svg width=\"24\" height=\"24\" viewBox=\"0 0 24 24\" version=\"1.1\" xmlns=\"http:\/\/www.w3.org\/2000\/svg\" aria-hidden=\"true\" focusable=\"false\"><path d=\"M12 2C6.5 2 2 6.5 2 12c0 5 3.7 9.1 8.4 9.9v-7H7.9V12h2.5V9.8c0-2.5 1.5-3.9 3.8-3.9 1.1 0 2.2.2 2.2.2v2.5h-1.3c-1.2 0-1.6.8-1.6 1.6V12h2.8l-.4 2.9h-2.3v7C18.3 21.1 22 17 22 12c0-5.5-4.5-10-10-10z\"><\/path><\/svg><span class=\"wp-block-social-link-label screen-reader-text\">Facebook<\/span><\/a><\/li>\n\n<li style=\"color: #000000; \" class=\"wp-social-link wp-social-link-linkedin has-black-color wp-block-social-link\"><a rel=\"noopener nofollow\" target=\"_blank\" href=\"https:\/\/#\" class=\"wp-block-social-link-anchor\"><svg width=\"24\" height=\"24\" viewBox=\"0 0 24 24\" version=\"1.1\" xmlns=\"http:\/\/www.w3.org\/2000\/svg\" aria-hidden=\"true\" focusable=\"false\"><path d=\"M19.7,3H4.3C3.582,3,3,3.582,3,4.3v15.4C3,20.418,3.582,21,4.3,21h15.4c0.718,0,1.3-0.582,1.3-1.3V4.3 C21,3.582,20.418,3,19.7,3z M8.339,18.338H5.667v-8.59h2.672V18.338z M7.004,8.574c-0.857,0-1.549-0.694-1.549-1.548 c0-0.855,0.691-1.548,1.549-1.548c0.854,0,1.547,0.694,1.547,1.548C8.551,7.881,7.858,8.574,7.004,8.574z M18.339,18.338h-2.669 v-4.177c0-0.996-0.017-2.278-1.387-2.278c-1.389,0-1.601,1.086-1.601,2.206v4.249h-2.667v-8.59h2.559v1.174h0.037 c0.356-0.675,1.227-1.387,2.526-1.387c2.703,0,3.203,1.779,3.203,4.092V18.338z\"><\/path><\/svg><span class=\"wp-block-social-link-label screen-reader-text\">LinkedIn<\/span><\/a><\/li>\n\n<li style=\"color: #000000; \" class=\"wp-social-link wp-social-link-instagram has-black-color wp-block-social-link\"><a rel=\"noopener nofollow\" target=\"_blank\" href=\"https:\/\/#\" class=\"wp-block-social-link-anchor\"><svg width=\"24\" height=\"24\" viewBox=\"0 0 24 24\" version=\"1.1\" xmlns=\"http:\/\/www.w3.org\/2000\/svg\" aria-hidden=\"true\" focusable=\"false\"><path d=\"M12,4.622c2.403,0,2.688,0.009,3.637,0.052c0.877,0.04,1.354,0.187,1.671,0.31c0.42,0.163,0.72,0.358,1.035,0.673 c0.315,0.315,0.51,0.615,0.673,1.035c0.123,0.317,0.27,0.794,0.31,1.671c0.043,0.949,0.052,1.234,0.052,3.637 s-0.009,2.688-0.052,3.637c-0.04,0.877-0.187,1.354-0.31,1.671c-0.163,0.42-0.358,0.72-0.673,1.035 c-0.315,0.315-0.615,0.51-1.035,0.673c-0.317,0.123-0.794,0.27-1.671,0.31c-0.949,0.043-1.233,0.052-3.637,0.052 s-2.688-0.009-3.637-0.052c-0.877-0.04-1.354-0.187-1.671-0.31c-0.42-0.163-0.72-0.358-1.035-0.673 c-0.315-0.315-0.51-0.615-0.673-1.035c-0.123-0.317-0.27-0.794-0.31-1.671C4.631,14.688,4.622,14.403,4.622,12 s0.009-2.688,0.052-3.637c0.04-0.877,0.187-1.354,0.31-1.671c0.163-0.42,0.358-0.72,0.673-1.035 c0.315-0.315,0.615-0.51,1.035-0.673c0.317-0.123,0.794-0.27,1.671-0.31C9.312,4.631,9.597,4.622,12,4.622 M12,3 C9.556,3,9.249,3.01,8.289,3.054C7.331,3.098,6.677,3.25,6.105,3.472C5.513,3.702,5.011,4.01,4.511,4.511 c-0.5,0.5-0.808,1.002-1.038,1.594C3.25,6.677,3.098,7.331,3.054,8.289C3.01,9.249,3,9.556,3,12c0,2.444,0.01,2.751,0.054,3.711 c0.044,0.958,0.196,1.612,0.418,2.185c0.23,0.592,0.538,1.094,1.038,1.594c0.5,0.5,1.002,0.808,1.594,1.038 c0.572,0.222,1.227,0.375,2.185,0.418C9.249,20.99,9.556,21,12,21s2.751-0.01,3.711-0.054c0.958-0.044,1.612-0.196,2.185-0.418 c0.592-0.23,1.094-0.538,1.594-1.038c0.5-0.5,0.808-1.002,1.038-1.594c0.222-0.572,0.375-1.227,0.418-2.185 C20.99,14.751,21,14.444,21,12s-0.01-2.751-0.054-3.711c-0.044-0.958-0.196-1.612-0.418-2.185c-0.23-0.592-0.538-1.094-1.038-1.594 c-0.5-0.5-1.002-0.808-1.594-1.038c-0.572-0.222-1.227-0.375-2.185-0.418C14.751,3.01,14.444,3,12,3L12,3z M12,7.378 c-2.552,0-4.622,2.069-4.622,4.622S9.448,16.622,12,16.622s4.622-2.069,4.622-4.622S14.552,7.378,12,7.378z M12,15 c-1.657,0-3-1.343-3-3s1.343-3,3-3s3,1.343,3,3S13.657,15,12,15z M16.804,6.116c-0.596,0-1.08,0.484-1.08,1.08 s0.484,1.08,1.08,1.08c0.596,0,1.08-0.484,1.08-1.08S17.401,6.116,16.804,6.116z\"><\/path><\/svg><span class=\"wp-block-social-link-label screen-reader-text\">Instagram<\/span><\/a><\/li><\/ul>\n<\/div>\n\n\n\n<div class=\"wp-block-column col-lg-6 col-12 px-3 mt-sm-5 mt-5 is-layout-flow wp-block-column-is-layout-flow\" style=\"flex-basis:50%\">\n<iframe loading=\"lazy\" src=\"https:\/\/snazzymaps.com\/embed\/472277\" width=\"100%\" height=\"500px\" style=\"border:none;\" class=\"position-absolute insolito-map-dx\"><\/iframe>\n<\/div>\n<\/div>\n<\/div>\n<\/div>\n\n\n\n<div style=\"height:30px\" aria-hidden=\"true\" class=\"wp-block-spacer\"><\/div>\n\n\n<section class=\"text-and-image about-block min-height-desktop sketch-map position-relative left full\" style=\"\">\n  <div class=\"container\">\n    <div class=\"row align-stretch\">\n            <div class=\"col-lg-6 col-12 text-side-block\">\n        <h2 style=\"color:#bc2c31;\">\n          Comment <br>nous trouver        <\/h2>\n                <div class=\"description\" style=\"color:#444444;\">\n          <p>Nous sommes install\u00e9s \u00e0 Saonara,<br \/>\nfacilement accessibles depuis la sortie d\u2019autoroute Padova Zona Industriale Interporto.<\/p>\n        <\/div>\n              <\/div>\n            <div class=\"col-lg-6 col-12 image-container\">\n                <div class=\"block-image\" style=\"background-image:url(https:\/\/insolitoposto.com\/wp-content\/uploads\/2023\/03\/mappa-disegno.png);\"><\/div>\n              <\/div>\n          <\/div>\n  <\/div>\n<\/section>\n\n\n<div class=\"wp-block-columns container mb-5 is-layout-flex wp-container-core-columns-is-layout-4 wp-block-columns-is-layout-flex\" id=\"formulaire-de-contact\">\n<div class=\"wp-block-column is-layout-flow wp-block-column-is-layout-flow\">\n<div class=\"wp-block-columns bottom-button-cta my-5 is-layout-flex wp-container-core-columns-is-layout-3 wp-block-columns-is-layout-flex\">\n<div class=\"wp-block-column position-relative is-layout-flow wp-block-column-is-layout-flow\">\n<h3 class=\"wp-block-heading has-black-color has-text-color has-large-font-size\" style=\"font-style:normal;font-weight:400\">Vous souhaitez demander des informations ?<\/h3>\n\n\n\n<hr class=\"wp-block-separator alignfull has-text-color has-alpha-channel-opacity has-background is-style-wide\" style=\"background-color:#bc2c31;color:#bc2c31\"\/>\n<\/div>\n<\/div>\n\n\n\n<div class=\"wp-block-contact-form-7-contact-form-selector\">\n<div class=\"wpcf7 no-js\" id=\"wpcf7-f3933-o1\" lang=\"fr-FR\" dir=\"ltr\">\n<div class=\"screen-reader-response\"><p role=\"status\" aria-live=\"polite\" aria-atomic=\"true\"><\/p> <ul><\/ul><\/div>\n<form action=\"\/fr\/wp-json\/wp\/v2\/pages\/3853#wpcf7-f3933-o1\" method=\"post\" class=\"wpcf7-form init glicine\" aria-label=\"Formulaire de contact\" novalidate=\"novalidate\" data-status=\"init\">\n<div style=\"display: none;\">\n<input type=\"hidden\" name=\"_wpcf7\" value=\"3933\" \/>\n<input type=\"hidden\" name=\"_wpcf7_version\" value=\"5.9.8\" \/>\n<input type=\"hidden\" name=\"_wpcf7_locale\" value=\"fr_FR\" \/>\n<input type=\"hidden\" name=\"_wpcf7_unit_tag\" value=\"wpcf7-f3933-o1\" \/>\n<input type=\"hidden\" name=\"_wpcf7_container_post\" value=\"0\" \/>\n<input type=\"hidden\" name=\"_wpcf7_posted_data_hash\" value=\"\" \/>\n<input type=\"hidden\" name=\"_wpcf7dtx_version\" value=\"4.5.1\" \/>\n<input type=\"hidden\" name=\"_wpcf7_recaptcha_response\" value=\"\" \/>\n<\/div>\n<div class=\"container\" style=\"padding-left: 0; padding-right: 0\">\n\t<div class=\"row\">\n\t\t<div class=\"col-lg-6 col-md-6 col-sm-12 col-sx-12\">\n\t\t\t<p><label>Nom*<\/label><span class=\"wpcf7-form-control-wrap\" data-name=\"your-name\"><input size=\"40\" maxlength=\"400\" class=\"wpcf7-form-control wpcf7-text wpcf7-validates-as-required\" autocomplete=\"name\" aria-required=\"true\" aria-invalid=\"false\" value=\"\" type=\"text\" name=\"your-name\" \/><\/span>\n\t\t\t<\/p>\n\t\t<\/div>\n\t\t<div class=\"col-lg-6 col-md-6 col-sm-12 col-sx-12\">\n\t\t\t<p><label>Nom de famille*<\/label><span class=\"wpcf7-form-control-wrap\" data-name=\"your-surname\"><input size=\"40\" maxlength=\"400\" class=\"wpcf7-form-control wpcf7-text wpcf7-validates-as-required\" autocomplete=\"surname\" aria-required=\"true\" aria-invalid=\"false\" value=\"\" type=\"text\" name=\"your-surname\" \/><\/span>\n\t\t\t<\/p>\n\t\t<\/div>\n\t\t<div class=\"col-lg-6 col-md-6 col-sm-12 col-sx-12\">\n\t\t\t<p><label>Votre email*<\/label><span class=\"wpcf7-form-control-wrap\" data-name=\"your-email\"><input size=\"40\" maxlength=\"400\" class=\"wpcf7-form-control wpcf7-email wpcf7-validates-as-required wpcf7-text wpcf7-validates-as-email\" autocomplete=\"email\" aria-required=\"true\" aria-invalid=\"false\" value=\"\" type=\"email\" name=\"your-email\" \/><\/span>\n\t\t\t<\/p>\n\t\t<\/div>\n\t\t<div class=\"col-lg-6 col-md-6 col-sm-12 col-sx-12\">\n\t\t\t<p><label>T\u00e9l\u00e9phone*<\/label><span class=\"wpcf7-form-control-wrap\" data-name=\"your-tel\"><input size=\"40\" maxlength=\"400\" class=\"wpcf7-form-control wpcf7-tel wpcf7-validates-as-required wpcf7-text wpcf7-validates-as-tel\" aria-required=\"true\" aria-invalid=\"false\" value=\"\" type=\"tel\" name=\"your-tel\" \/><\/span>\n\t\t\t<\/p>\n\t\t<\/div>\n\t\t<div class=\"col-lg-12 col-md-12 col-sm-12 col-sx-12\">\n\t\t\t<p><label>Message<\/label><span class=\"wpcf7-form-control-wrap\" data-name=\"your-message\"><textarea cols=\"40\" rows=\"10\" maxlength=\"2000\" class=\"wpcf7-form-control wpcf7-textarea\" aria-invalid=\"false\" name=\"your-message\"><\/textarea><\/span>\n\t\t\t<\/p>\n\t\t\t<div>\n\t\t\t\t<div class=\"col-lg-12 col-md-12 col-sm-12 col-sx-12\">\n\t\t\t\t\t<p><span class=\"wpcf7-form-control-wrap\" data-name=\"acceptance-privacy-policy\"><span class=\"wpcf7-form-control wpcf7-acceptance\"><span class=\"wpcf7-list-item\"><label><input type=\"checkbox\" name=\"acceptance-privacy-policy\" value=\"1\" aria-invalid=\"false\" \/><span class=\"wpcf7-list-item-label\">Je d\u00e9clare avoir lu et compris la <a href=\"\/informativa-contatti\/\" target=\"_blank\">politique de confidentialit\u00e9<\/a> concernant le traitement de mes donn\u00e9es personnelles qui m'a \u00e9t\u00e9 fournie par le contr\u00f4leur des donn\u00e9es. Je d\u00e9clare \u00e9galement conna\u00eetre les responsabilit\u00e9s et les sanctions pr\u00e9vues par la loi en cas de fausses communications\/d\u00e9clarations. Je d\u00e9gage le responsable du traitement de toute responsabilit\u00e9 concernant l'exactitude des donn\u00e9es saisies ci-dessus. *<\/span><\/label><\/span><\/span><\/span>\n\t\t\t\t\t<\/p>\n\t\t\t\t<\/div>\n\t\t\t\t<p><span class=\"wpcf7-form-control-wrap\" data-name=\"radio-newsletter\"><span class=\"wpcf7-form-control wpcf7-radio\"><span class=\"wpcf7-list-item first\"><label><input type=\"radio\" name=\"radio-newsletter\" value=\"Je ne consens pas\" \/><span class=\"wpcf7-list-item-label\">Je ne consens pas<\/span><\/label><\/span><span class=\"wpcf7-list-item last\"><label><input type=\"radio\" name=\"radio-newsletter\" value=\"Je suis d&#039;accord\" \/><span class=\"wpcf7-list-item-label\">Je suis d&#039;accord<\/span><\/label><\/span><\/span><\/span>\n\t\t\t\t<\/p>\n\t\t\t\t<p class=\"newsletter-text\">au traitement de mes donn\u00e9es personnelles dans le but d'envoyer des bulletins d'information et d'autres mat\u00e9riels d'information ainsi qu'\u00e0 des fins promotionnelles et\/ou de marketing, comme indiqu\u00e9 dans la politique de confidentialit\u00e9 et de la mani\u00e8re qui y est indiqu\u00e9e. Cette cat\u00e9gorie comprend toutes les activit\u00e9s r\u00e9alis\u00e9es pour promouvoir des produits, des services, li\u00e9s ou en rapport avec le secteur de l'\u00e9crivain. Ces traitements font partie des activit\u00e9s de marketing.\n\t\t\t\t<\/p>\n\t\t\t\t<p><input class=\"wpcf7-form-control wpcf7-submit has-spinner\" type=\"submit\" value=\"Envoyer la demande\" \/>\n\t\t\t\t<\/p>\n\t\t\t\t<p style=\"font-size: 12px; line-height: 1; padding: 1rem 0;\">Lisez notre <a href=\"\/privacy-policy\/\" class=\"\" title=\"Politique de confidentialit\u00e9\" target=\"_blank\">politique de confidentialit\u00e9<\/a> pour plus d'informations sur la mani\u00e8re dont nous traitons vos donn\u00e9es personnelles.\n\t\t\t\t<\/p>\n\t\t\t<\/div>\n\t\t<\/div>\n\t<\/div>\n<\/div><div class=\"wpcf7-response-output\" aria-hidden=\"true\"><\/div>\n<\/form>\n<\/div>\n<\/div>\n<\/div>\n<\/div>\n","protected":false},"excerpt":{"rendered":"<p>Vous souhaitez demander des informations ?<\/p>\n","protected":false},"author":1,"featured_media":3240,"parent":0,"menu_order":0,"comment_status":"closed","ping_status":"closed","template":"","meta":{"_acf_changed":false,"footnotes":""},"class_list":["post-3853","page","type-page","status-publish","has-post-thumbnail","hentry"],"acf":[],"yoast_head":"<!-- This site is optimized with the Yoast SEO plugin v23.7 - https:\/\/yoast.com\/wordpress\/plugins\/seo\/ -->\n<title>Contact - L&#039;insolito posto<\/title>\n<meta name=\"robots\" content=\"index, follow, max-snippet:-1, max-image-preview:large, max-video-preview:-1\" \/>\n<link rel=\"canonical\" href=\"https:\/\/insolitoposto.com\/fr\/contact\/\" \/>\n<meta property=\"og:locale\" content=\"fr_FR\" \/>\n<meta property=\"og:type\" content=\"article\" \/>\n<meta property=\"og:title\" content=\"Contact - L&#039;insolito posto\" \/>\n<meta property=\"og:description\" content=\"Vous souhaitez demander des informations ?\" \/>\n<meta property=\"og:url\" content=\"https:\/\/insolitoposto.com\/fr\/contact\/\" \/>\n<meta property=\"og:site_name\" content=\"L&#039;insolito posto\" \/>\n<meta property=\"article:publisher\" content=\"https:\/\/www.facebook.com\/Linsolito-Posto-112739488281602\" \/>\n<meta property=\"article:modified_time\" content=\"2023-12-01T10:20:36+00:00\" \/>\n<meta property=\"og:image\" content=\"https:\/\/insolitoposto.com\/wp-content\/uploads\/2023\/03\/reception-bg.image_.jpg\" \/>\n\t<meta property=\"og:image:width\" content=\"1920\" \/>\n\t<meta property=\"og:image:height\" content=\"1080\" \/>\n\t<meta property=\"og:image:type\" content=\"image\/jpeg\" \/>\n<meta name=\"twitter:card\" content=\"summary_large_image\" \/>\n<meta name=\"twitter:label1\" content=\"Dur\u00e9e de lecture estim\u00e9e\" \/>\n\t<meta name=\"twitter:data1\" content=\"1 minute\" \/>\n<script type=\"application\/ld+json\" class=\"yoast-schema-graph\">{\"@context\":\"https:\/\/schema.org\",\"@graph\":[{\"@type\":\"WebPage\",\"@id\":\"https:\/\/insolitoposto.com\/fr\/contact\/\",\"url\":\"https:\/\/insolitoposto.com\/fr\/contact\/\",\"name\":\"Contact - L&#039;insolito posto\",\"isPartOf\":{\"@id\":\"https:\/\/insolitoposto.com\/#website\"},\"primaryImageOfPage\":{\"@id\":\"https:\/\/insolitoposto.com\/fr\/contact\/#primaryimage\"},\"image\":{\"@id\":\"https:\/\/insolitoposto.com\/fr\/contact\/#primaryimage\"},\"thumbnailUrl\":\"https:\/\/insolitoposto.com\/wp-content\/uploads\/2023\/03\/reception-bg.image_.jpg\",\"datePublished\":\"2023-01-04T13:42:50+00:00\",\"dateModified\":\"2023-12-01T10:20:36+00:00\",\"breadcrumb\":{\"@id\":\"https:\/\/insolitoposto.com\/fr\/contact\/#breadcrumb\"},\"inLanguage\":\"fr-FR\",\"potentialAction\":[{\"@type\":\"ReadAction\",\"target\":[\"https:\/\/insolitoposto.com\/fr\/contact\/\"]}]},{\"@type\":\"ImageObject\",\"inLanguage\":\"fr-FR\",\"@id\":\"https:\/\/insolitoposto.com\/fr\/contact\/#primaryimage\",\"url\":\"https:\/\/insolitoposto.com\/wp-content\/uploads\/2023\/03\/reception-bg.image_.jpg\",\"contentUrl\":\"https:\/\/insolitoposto.com\/wp-content\/uploads\/2023\/03\/reception-bg.image_.jpg\",\"width\":1920,\"height\":1080},{\"@type\":\"BreadcrumbList\",\"@id\":\"https:\/\/insolitoposto.com\/fr\/contact\/#breadcrumb\",\"itemListElement\":[{\"@type\":\"ListItem\",\"position\":1,\"name\":\"Home\",\"item\":\"https:\/\/insolitoposto.com\/fr\/\"},{\"@type\":\"ListItem\",\"position\":2,\"name\":\"Contact\"}]},{\"@type\":\"WebSite\",\"@id\":\"https:\/\/insolitoposto.com\/#website\",\"url\":\"https:\/\/insolitoposto.com\/\",\"name\":\"L&#039;insolito posto\",\"description\":\"Turismo senza barriere - casa vacanze sociali\",\"publisher\":{\"@id\":\"https:\/\/insolitoposto.com\/#organization\"},\"potentialAction\":[{\"@type\":\"SearchAction\",\"target\":{\"@type\":\"EntryPoint\",\"urlTemplate\":\"https:\/\/insolitoposto.com\/?s={search_term_string}\"},\"query-input\":{\"@type\":\"PropertyValueSpecification\",\"valueRequired\":true,\"valueName\":\"search_term_string\"}}],\"inLanguage\":\"fr-FR\"},{\"@type\":\"Organization\",\"@id\":\"https:\/\/insolitoposto.com\/#organization\",\"name\":\"L'Insolito Posto\",\"alternateName\":\"L'Insolito Posto - Turismo senza barriere\",\"url\":\"https:\/\/insolitoposto.com\/\",\"logo\":{\"@type\":\"ImageObject\",\"inLanguage\":\"fr-FR\",\"@id\":\"https:\/\/insolitoposto.com\/#\/schema\/logo\/image\/\",\"url\":\"https:\/\/insolitoposto.com\/wp-content\/uploads\/2023\/01\/logo_linsolito_posto_header.png\",\"contentUrl\":\"https:\/\/insolitoposto.com\/wp-content\/uploads\/2023\/01\/logo_linsolito_posto_header.png\",\"width\":296,\"height\":160,\"caption\":\"L'Insolito Posto\"},\"image\":{\"@id\":\"https:\/\/insolitoposto.com\/#\/schema\/logo\/image\/\"},\"sameAs\":[\"https:\/\/www.facebook.com\/Linsolito-Posto-112739488281602\"]}]}<\/script>\n<!-- \/ Yoast SEO plugin. -->","yoast_head_json":{"title":"Contact - L&#039;insolito posto","robots":{"index":"index","follow":"follow","max-snippet":"max-snippet:-1","max-image-preview":"max-image-preview:large","max-video-preview":"max-video-preview:-1"},"canonical":"https:\/\/insolitoposto.com\/fr\/contact\/","og_locale":"fr_FR","og_type":"article","og_title":"Contact - L&#039;insolito posto","og_description":"Vous souhaitez demander des informations ?","og_url":"https:\/\/insolitoposto.com\/fr\/contact\/","og_site_name":"L&#039;insolito posto","article_publisher":"https:\/\/www.facebook.com\/Linsolito-Posto-112739488281602","article_modified_time":"2023-12-01T10:20:36+00:00","og_image":[{"width":1920,"height":1080,"url":"https:\/\/insolitoposto.com\/wp-content\/uploads\/2023\/03\/reception-bg.image_.jpg","type":"image\/jpeg"}],"twitter_card":"summary_large_image","twitter_misc":{"Dur\u00e9e de lecture estim\u00e9e":"1 minute"},"schema":{"@context":"https:\/\/schema.org","@graph":[{"@type":"WebPage","@id":"https:\/\/insolitoposto.com\/fr\/contact\/","url":"https:\/\/insolitoposto.com\/fr\/contact\/","name":"Contact - L&#039;insolito posto","isPartOf":{"@id":"https:\/\/insolitoposto.com\/#website"},"primaryImageOfPage":{"@id":"https:\/\/insolitoposto.com\/fr\/contact\/#primaryimage"},"image":{"@id":"https:\/\/insolitoposto.com\/fr\/contact\/#primaryimage"},"thumbnailUrl":"https:\/\/insolitoposto.com\/wp-content\/uploads\/2023\/03\/reception-bg.image_.jpg","datePublished":"2023-01-04T13:42:50+00:00","dateModified":"2023-12-01T10:20:36+00:00","breadcrumb":{"@id":"https:\/\/insolitoposto.com\/fr\/contact\/#breadcrumb"},"inLanguage":"fr-FR","potentialAction":[{"@type":"ReadAction","target":["https:\/\/insolitoposto.com\/fr\/contact\/"]}]},{"@type":"ImageObject","inLanguage":"fr-FR","@id":"https:\/\/insolitoposto.com\/fr\/contact\/#primaryimage","url":"https:\/\/insolitoposto.com\/wp-content\/uploads\/2023\/03\/reception-bg.image_.jpg","contentUrl":"https:\/\/insolitoposto.com\/wp-content\/uploads\/2023\/03\/reception-bg.image_.jpg","width":1920,"height":1080},{"@type":"BreadcrumbList","@id":"https:\/\/insolitoposto.com\/fr\/contact\/#breadcrumb","itemListElement":[{"@type":"ListItem","position":1,"name":"Home","item":"https:\/\/insolitoposto.com\/fr\/"},{"@type":"ListItem","position":2,"name":"Contact"}]},{"@type":"WebSite","@id":"https:\/\/insolitoposto.com\/#website","url":"https:\/\/insolitoposto.com\/","name":"L&#039;insolito posto","description":"Turismo senza barriere - casa vacanze sociali","publisher":{"@id":"https:\/\/insolitoposto.com\/#organization"},"potentialAction":[{"@type":"SearchAction","target":{"@type":"EntryPoint","urlTemplate":"https:\/\/insolitoposto.com\/?s={search_term_string}"},"query-input":{"@type":"PropertyValueSpecification","valueRequired":true,"valueName":"search_term_string"}}],"inLanguage":"fr-FR"},{"@type":"Organization","@id":"https:\/\/insolitoposto.com\/#organization","name":"L'Insolito Posto","alternateName":"L'Insolito Posto - Turismo senza barriere","url":"https:\/\/insolitoposto.com\/","logo":{"@type":"ImageObject","inLanguage":"fr-FR","@id":"https:\/\/insolitoposto.com\/#\/schema\/logo\/image\/","url":"https:\/\/insolitoposto.com\/wp-content\/uploads\/2023\/01\/logo_linsolito_posto_header.png","contentUrl":"https:\/\/insolitoposto.com\/wp-content\/uploads\/2023\/01\/logo_linsolito_posto_header.png","width":296,"height":160,"caption":"L'Insolito Posto"},"image":{"@id":"https:\/\/insolitoposto.com\/#\/schema\/logo\/image\/"},"sameAs":["https:\/\/www.facebook.com\/Linsolito-Posto-112739488281602"]}]}},"_links":{"self":[{"href":"https:\/\/insolitoposto.com\/fr\/wp-json\/wp\/v2\/pages\/3853"}],"collection":[{"href":"https:\/\/insolitoposto.com\/fr\/wp-json\/wp\/v2\/pages"}],"about":[{"href":"https:\/\/insolitoposto.com\/fr\/wp-json\/wp\/v2\/types\/page"}],"author":[{"embeddable":true,"href":"https:\/\/insolitoposto.com\/fr\/wp-json\/wp\/v2\/users\/1"}],"replies":[{"embeddable":true,"href":"https:\/\/insolitoposto.com\/fr\/wp-json\/wp\/v2\/comments?post=3853"}],"version-history":[{"count":5,"href":"https:\/\/insolitoposto.com\/fr\/wp-json\/wp\/v2\/pages\/3853\/revisions"}],"predecessor-version":[{"id":4052,"href":"https:\/\/insolitoposto.com\/fr\/wp-json\/wp\/v2\/pages\/3853\/revisions\/4052"}],"wp:featuredmedia":[{"embeddable":true,"href":"https:\/\/insolitoposto.com\/fr\/wp-json\/wp\/v2\/media\/3240"}],"wp:attachment":[{"href":"https:\/\/insolitoposto.com\/fr\/wp-json\/wp\/v2\/media?parent=3853"}],"curies":[{"name":"wp","href":"https:\/\/api.w.org\/{rel}","templated":true}]}}