{"id":3851,"date":"2023-01-04T14:42:10","date_gmt":"2023-01-04T13:42:10","guid":{"rendered":"https:\/\/insolitoposto.com\/ce-que-nous-proposons\/"},"modified":"2023-10-05T12:02:48","modified_gmt":"2023-10-05T10:02:48","slug":"ce-que-nous-proposons","status":"publish","type":"page","link":"https:\/\/insolitoposto.com\/fr\/ce-que-nous-proposons\/","title":{"rendered":"Ce que nous proposons"},"content":{"rendered":"\n<div style=\"height:50px\" aria-hidden=\"true\" id=\"chambres\" class=\"wp-block-spacer\"><\/div>\n\n\n<section class=\"text-and-image about-block cosa-offriamo position-relative left full\" style=\"\">\n  <div class=\"container\">\n    <div class=\"row align-stretch\">\n            <div class=\"col-lg-6 col-12 text-side-block\">\n        <h3 style=\"color:#bc2c31;\">\n          CHAMBRES        <\/h3>\n                <div class=\"description\" style=\"color:#444444;\">\n          <p><strong>Un lieu o\u00f9 vous vous sentirez chez vous. <\/strong><br \/>\nLa structure Insolito Posto est dot\u00e9e de 7 chambres avec salle de bains priv\u00e9e, nous attachons une grande importance \u00e0 l\u2019accessibilit\u00e9 pour toutes les personnes en situation de handicap, qu\u2019il soit physique ou sensoriel. Couleurs, \u00e9clairages et espaces ont \u00e9t\u00e9 con\u00e7us pour cr\u00e9er un lieu o\u00f9 vous pourrez vivre en toute insouciance, et c\u2019est \u00e7a qui nous donne notre c\u00f4t\u00e9 si sp\u00e9cial.<\/p>\n<p>\u00c0 votre arriv\u00e9e, nous vous conduirons dans une visite personnelle de notre centre. Nous vous montrerons comment fonctionne le mat\u00e9riel d\u2019assistance pr\u00e9sent dans les chambres pour que vous puissiez profiter au mieux de votre s\u00e9jour.<\/p>\n<p>Dans chaque chambre, vous trouverez de nombreux \u00e9quipements de confort, notamment un assistant Alexa pour g\u00e9rer le chauffage et l\u2019\u00e9clairage.<\/p>\n<p>Pour les malentendants, nous avons un transcripteur vocal \u00e0 la r\u00e9ception et les chambres sont \u00e9quip\u00e9es d\u2019un avertisseur lumineux. Il est \u00e9galement possible de demander un r\u00e9veil adapt\u00e9 aux malentendants.<\/p>\n<p>Toutes nos chambres sont \u00e9quip\u00e9es d\u2019une sir\u00e8ne d\u2019alarme en cas d\u2019urgence.<\/p>\n        <\/div>\n                    <div class=\"call-to-action\">\n              <a href=\"https:\/\/insolitoposto.com\/fr\/chambres\/\" class=\"call-to-action\" style=\"color:#ffffff;background-color:#bc2c31;\">R\u00e9server<\/a>\n            <\/div>\n                  <\/div>\n            <div class=\"col-lg-6 col-12 image-container\">\n                <div class=\"block-image\" style=\"background-image:url(https:\/\/insolitoposto.com\/wp-content\/uploads\/2023\/03\/camere-cta.jpg);\"><\/div>\n              <\/div>\n          <\/div>\n  <\/div>\n<\/section>\n\n\n<div style=\"height:50px\" aria-hidden=\"true\" id=\"restaurant\" class=\"wp-block-spacer\"><\/div>\n\n\n<section class=\"text-and-image about-block cosa-offriamo position-relative left full\" style=\"\">\n  <div class=\"container\">\n    <div class=\"row align-stretch\">\n            <div class=\"col-lg-6 col-12 text-side-block\">\n        <h3 style=\"color:#bc2c31;\">\n          RESTAURANT        <\/h3>\n                <div class=\"description\" style=\"color:#444444;\">\n          <p><strong>Une exp\u00e9rience qui ravira les palais les plus exigeants.<\/strong><\/p>\n<div>La salle de restauration de 75 m\u00b2 est parfaitement adapt\u00e9e pour les repas et les \u00e9v\u00e8nements de toute sorte.<\/div>\n<div>Nos chefs cuisiniers sont \u00e0 votre disposition pour pr\u00e9parer menus et d\u00e9gustations pour une exp\u00e9rience qui ravira tous les palais.<\/div>\n<div>C\u2019est bien connu, ce sont les d\u00e9tails qui font toute la diff\u00e9rence, c\u2019est pour cela qu\u2019avec notre \u00e9quipe, vous serez accueillis et servis par des personnes sp\u00e9ciales.<\/div>\n<div><\/div>\n<div>Buffet, d\u00eener ou banquet, nous ferons notre maximum pour satisfaire les palais les plus exigeants. Nous saurons marier bon go\u00fbt et savoir-faire pour votre plus grand plaisir.<\/div>\n<div><\/div>\n<ul>\n<li>Repas pour groupes et associations<\/li>\n<li>D\u00e9jeuners et d\u00eeners professionnels<\/li>\n<li>Repas \u00e0 th\u00e8me<\/li>\n<li>Mariages et c\u00e9r\u00e9monies<\/li>\n<li>Remise de dipl\u00f4mes<\/li>\n<li>Anniversaires de naissance ou de mariage<\/li>\n<\/ul>\n<div><\/div>\n<div>Si vous avez des allergies, notre personnel pourra vous proposer des alternatives tout aussi d\u00e9licieuses.<\/div>\n<div><\/div>\n<div>Cinquante places assises et grands espaces \u00e0 l\u2019ext\u00e9rieur, la salle est \u00e9quip\u00e9e de mat\u00e9riel audio\/vid\u00e9o pour organiser des rencontres conviviales et interactives.<\/div>\n<div>Nous sommes situ\u00e9s \u00e0 3 km de la sortie d\u2019autoroute de Padova, Zona Industriale Interporto et disposons d\u2019un grand parking gratuit avec vid\u00e9o surveillance et borne de recharge Repower.<\/div>\n        <\/div>\n                    <div class=\"call-to-action\">\n              <a href=\"https:\/\/insolitoposto.com\/fr\/contact\/#formulaire-de-contact\" class=\"call-to-action\" style=\"background-color:#bc2c31;\">Demander des renseignements<\/a>\n            <\/div>\n                        <div class=\"call-to-action\">\n              <a href=\"#gallery\" class=\"call-to-action\" style=\"color:#676767;background-color:#eaeaea;\">Consulter la galerie<\/a>\n            <\/div>\n                  <\/div>\n            <div class=\"col-lg-6 col-12 image-container\">\n                <div class=\"block-image\" style=\"background-image:url(https:\/\/insolitoposto.com\/wp-content\/uploads\/2023\/03\/sala-ristorazione-10.jpg);\"><\/div>\n              <\/div>\n          <\/div>\n  <\/div>\n<\/section>\n\n\n<div style=\"height:50px\" aria-hidden=\"true\" id=\"salle-polyvalente\" class=\"wp-block-spacer\"><\/div>\n\n\n<section class=\"text-and-image about-block cosa-offriamo position-relative left full\" style=\"\">\n  <div class=\"container\">\n    <div class=\"row align-stretch\">\n            <div class=\"col-lg-6 col-12 text-side-block\">\n        <h3 style=\"color:#bc2c31;\">\n          SALLE POLYVALENTE        <\/h3>\n                <div class=\"description\" style=\"color:#444444;\">\n          <p><strong>Un espace o\u00f9 tout est possible, nous sommes certains que les id\u00e9es ne manqueront pas.<\/strong><\/p>\n<div>Con\u00e7ue pour organiser des r\u00e9unions, des ateliers, des activit\u00e9s de team building, des formations, des assembl\u00e9es g\u00e9n\u00e9rales, des lancements de produits, elle se pr\u00eate aussi \u00e0 l\u2019organisation de f\u00eates et de cours.<\/div>\n<div>\u00c0 3 km de la sortie d\u2019autoroute Padova Zona Industriale (Interporto) avec grand parking gratuit et borne de recharge Repower pour v\u00e9hicules \u00e9lectriques.<\/div>\n<div>La salle de 135 m\u00b2 peut accueillir au maximum 99 personnes et peut \u00eatre divis\u00e9e en 2 pi\u00e8ces ind\u00e9pendantes. Elle est \u00e9clair\u00e9e par des fen\u00eatres qui peuvent si besoin \u00eatre ferm\u00e9es par un store pour bloquer la lumi\u00e8re.<\/div>\n<div>La salle est \u00e9quip\u00e9e d\u2019une grande table de conf\u00e9rence, de mat\u00e9riel audio avec micros fixes et sans-fil, pointeur laser, Wi-Fi, ordinateur, chaises de conf\u00e9rence confortables \u00e9galement pour les gauchers et tableau interactif.<\/div>\n<div><\/div>\n<div>\n<div>Disponible sur demande,<\/div>\n<ul>\n<li>Pause caf\u00e9,<\/li>\n<li>Repas,<\/li>\n<li>Ap\u00e9ritif,<\/li>\n<li>Assistance de notre responsable des \u00e9v\u00e8nements,<\/li>\n<li>Menus personnalis\u00e9s,<\/li>\n<li>R\u00e9servations de groupes et tarifs confidentiels,<\/li>\n<li>Nuit\u00e9s,<\/li>\n<li>Visite personnalis\u00e9e,<\/li>\n<li>Activit\u00e9s exp\u00e9rimentales<\/li>\n<\/ul>\n<\/div>\n        <\/div>\n                    <div class=\"call-to-action\">\n              <a href=\"https:\/\/insolitoposto.com\/fr\/contact\/#formulaire-de-contact\" class=\"call-to-action\" style=\"color:#ffffff;background-color:#bc2c31;\">Demander des renseignements<\/a>\n            <\/div>\n                  <\/div>\n            <div class=\"col-lg-6 col-12 image-container\">\n                <div class=\"block-image\" style=\"background-image:url(https:\/\/insolitoposto.com\/wp-content\/uploads\/2023\/03\/sala-polivalente-00.jpg);\"><\/div>\n              <\/div>\n          <\/div>\n  <\/div>\n<\/section>\n\n\n<div style=\"height:50px\" aria-hidden=\"true\" class=\"wp-block-spacer\"><\/div>\n\n\n\n<div class=\"wp-block-columns container mb-5 is-layout-flex wp-container-core-columns-is-layout-1 wp-block-columns-is-layout-flex\" id=\"gallery\">\n<div class=\"wp-block-column is-layout-flow wp-block-column-is-layout-flow\">\n<h3 class=\"wp-block-heading mb-5 has-text-color\" style=\"color:#bc2c31;font-style:normal;font-weight:400;text-transform:uppercase\">Galerie<\/h3>\n\n\n\n<p class=\"has-medium-font-size\">Consultez la galerie pour d\u00e9couvrir les espaces et les services propos\u00e9s par notre structure.<\/p>\n\n\n<div class=\"rl-gallery-container rl-loading rl-pagination-infinite\" id=\"rl-gallery-container-1\" data-gallery_id=\"2513\"> <div class=\"rl-gallery rl-basicgrid-gallery rl-hover-effect-1 rl-hover-icon-1\" id=\"rl-gallery-1\" data-gallery_no=\"1\"> <div class=\"rl-gallery-item\"><a href=\"https:\/\/insolitoposto.com\/wp-content\/uploads\/2023\/03\/esterni-struttura-insolito-posto-1-1.jpg\" title=\"\" data-rl_title=\"\" class=\"rl-gallery-link\" data-rl_caption=\"\" data-rel=\"lightbox-gallery-1\" data-magnific_type=\"gallery\"><img loading=\"lazy\" decoding=\"async\" src=\"https:\/\/insolitoposto.com\/wp-content\/uploads\/2023\/03\/esterni-struttura-insolito-posto-1-1-800x600.jpg\" width=\"800\" height=\"600\" alt=\"\"\/><\/a><\/div><div class=\"rl-gallery-item\"><a href=\"https:\/\/insolitoposto.com\/wp-content\/uploads\/2023\/03\/esterni-struttura-insolito-posto-3.jpg\" title=\"\" data-rl_title=\"\" class=\"rl-gallery-link\" data-rl_caption=\"\" data-rel=\"lightbox-gallery-1\" data-magnific_type=\"gallery\"><img loading=\"lazy\" decoding=\"async\" src=\"https:\/\/insolitoposto.com\/wp-content\/uploads\/2023\/03\/esterni-struttura-insolito-posto-3-800x600.jpg\" width=\"800\" height=\"600\" alt=\"Esterni struttura L&#039;Insolito Posto\"\/><\/a><\/div><div class=\"rl-gallery-item\"><a href=\"https:\/\/insolitoposto.com\/wp-content\/uploads\/2023\/03\/ingresso-esterni-insolito-posto-1.jpg\" title=\"\" data-rl_title=\"\" class=\"rl-gallery-link\" data-rl_caption=\"\" data-rel=\"lightbox-gallery-1\" data-magnific_type=\"gallery\"><img loading=\"lazy\" decoding=\"async\" src=\"https:\/\/insolitoposto.com\/wp-content\/uploads\/2023\/03\/ingresso-esterni-insolito-posto-1-800x600.jpg\" width=\"800\" height=\"600\" alt=\"Ingresso Casa Vacanze Saonara PD\"\/><\/a><\/div><div class=\"rl-gallery-item\"><a href=\"https:\/\/insolitoposto.com\/wp-content\/uploads\/2023\/03\/ingresso-struttura-insolito-posto-1.jpg\" title=\"\" data-rl_title=\"\" class=\"rl-gallery-link\" data-rl_caption=\"\" data-rel=\"lightbox-gallery-1\" data-magnific_type=\"gallery\"><img loading=\"lazy\" decoding=\"async\" src=\"https:\/\/insolitoposto.com\/wp-content\/uploads\/2023\/03\/ingresso-struttura-insolito-posto-1-800x600.jpg\" width=\"800\" height=\"600\" alt=\"Ingresso Casa Vacanze L&#039;Insolito Posto\"\/><\/a><\/div><div class=\"rl-gallery-item\"><a href=\"https:\/\/insolitoposto.com\/wp-content\/uploads\/2023\/03\/esterni-struttura-insolito-posto-2-1.jpg\" title=\"\" data-rl_title=\"\" class=\"rl-gallery-link\" data-rl_caption=\"\" data-rel=\"lightbox-gallery-1\" data-magnific_type=\"gallery\"><img loading=\"lazy\" decoding=\"async\" src=\"https:\/\/insolitoposto.com\/wp-content\/uploads\/2023\/03\/esterni-struttura-insolito-posto-2-1-800x600.jpg\" width=\"800\" height=\"600\" alt=\"\"\/><\/a><\/div><div class=\"rl-gallery-item\"><a href=\"https:\/\/insolitoposto.com\/wp-content\/uploads\/2023\/03\/esterni-struttura-ingresso-lampioni-vista-serale.jpg\" title=\"\" data-rl_title=\"\" class=\"rl-gallery-link\" data-rl_caption=\"\" data-rel=\"lightbox-gallery-1\" data-magnific_type=\"gallery\"><img loading=\"lazy\" decoding=\"async\" src=\"https:\/\/insolitoposto.com\/wp-content\/uploads\/2023\/03\/esterni-struttura-ingresso-lampioni-vista-serale-800x600.jpg\" width=\"800\" height=\"600\" alt=\"Esterni struttura ingresso lampioni vista serale\"\/><\/a><\/div><div class=\"rl-gallery-item\"><a href=\"https:\/\/insolitoposto.com\/wp-content\/uploads\/2023\/03\/esterni-struttura-vista-serale.jpg\" title=\"\" data-rl_title=\"\" class=\"rl-gallery-link\" data-rl_caption=\"\" data-rel=\"lightbox-gallery-1\" data-magnific_type=\"gallery\"><img loading=\"lazy\" decoding=\"async\" src=\"https:\/\/insolitoposto.com\/wp-content\/uploads\/2023\/03\/esterni-struttura-vista-serale-800x600.jpg\" width=\"800\" height=\"600\" alt=\"Luci lampioni esterni struttura vista serale\"\/><\/a><\/div><div class=\"rl-gallery-item\"><a href=\"https:\/\/insolitoposto.com\/wp-content\/uploads\/2023\/03\/reception-insolito-posto-03.jpg\" title=\"\" data-rl_title=\"\" class=\"rl-gallery-link\" data-rl_caption=\"\" data-rel=\"lightbox-gallery-1\" data-magnific_type=\"gallery\"><img loading=\"lazy\" decoding=\"async\" src=\"https:\/\/insolitoposto.com\/wp-content\/uploads\/2023\/03\/reception-insolito-posto-03-800x600.jpg\" width=\"800\" height=\"600\" alt=\"Reception - Ricezione Check-In Check-Out casa vacanze L&#039;Insolito Posto\"\/><\/a><\/div><div class=\"rl-gallery-item\"><a href=\"https:\/\/insolitoposto.com\/wp-content\/uploads\/2023\/03\/reception-insolito-posto-02.jpg\" title=\"\" data-rl_title=\"\" class=\"rl-gallery-link\" data-rl_caption=\"\" data-rel=\"lightbox-gallery-1\" data-magnific_type=\"gallery\"><img loading=\"lazy\" decoding=\"async\" src=\"https:\/\/insolitoposto.com\/wp-content\/uploads\/2023\/03\/reception-insolito-posto-02-800x600.jpg\" width=\"800\" height=\"600\" alt=\"Reception Check-In Check-Out casa vacanze L&#039;Insolito Posto\"\/><\/a><\/div><div class=\"rl-gallery-item\"><a href=\"https:\/\/insolitoposto.com\/wp-content\/uploads\/2023\/03\/reception-insolito-posto-01.jpg\" title=\"\" data-rl_title=\"\" class=\"rl-gallery-link\" data-rl_caption=\"\" data-rel=\"lightbox-gallery-1\" data-magnific_type=\"gallery\"><img loading=\"lazy\" decoding=\"async\" src=\"https:\/\/insolitoposto.com\/wp-content\/uploads\/2023\/03\/reception-insolito-posto-01-800x600.jpg\" width=\"800\" height=\"600\" alt=\"Ricezione Check-In Check-Out casa vacanze L&#039;Insolito Posto\"\/><\/a><\/div><div class=\"rl-gallery-item\"><a href=\"https:\/\/insolitoposto.com\/wp-content\/uploads\/2023\/03\/soffitto-corridoio-lampadari-led.jpg\" title=\"\" data-rl_title=\"\" class=\"rl-gallery-link\" data-rl_caption=\"\" data-rel=\"lightbox-gallery-1\" data-magnific_type=\"gallery\"><img loading=\"lazy\" decoding=\"async\" src=\"https:\/\/insolitoposto.com\/wp-content\/uploads\/2023\/03\/soffitto-corridoio-lampadari-led-800x600.jpg\" width=\"800\" height=\"600\" alt=\"\"\/><\/a><\/div><div class=\"rl-gallery-item\"><a href=\"https:\/\/insolitoposto.com\/wp-content\/uploads\/2023\/03\/corridoio-camere-struttura.jpg\" title=\"\" data-rl_title=\"\" class=\"rl-gallery-link\" data-rl_caption=\"\" data-rel=\"lightbox-gallery-1\" data-magnific_type=\"gallery\"><img loading=\"lazy\" decoding=\"async\" src=\"https:\/\/insolitoposto.com\/wp-content\/uploads\/2023\/03\/corridoio-camere-struttura-800x600.jpg\" width=\"800\" height=\"600\" alt=\"\"\/><\/a><\/div> <\/div> <div class=\"rl-pagination rl-pagination-bottom\" data-button=\"manually\"><span aria-current=\"page\" class=\"page-numbers current\">1<\/span> <a class=\"page-numbers\" href=\"https:\/\/insolitoposto.com\/rl_gallery\/galleria\/?rl_gallery_no=1&#038;rl_page=2&#038;rl_lightbox_script=magnific\">2<\/a> <a class=\"page-numbers\" href=\"https:\/\/insolitoposto.com\/rl_gallery\/galleria\/?rl_gallery_no=1&#038;rl_page=3&#038;rl_lightbox_script=magnific\">3<\/a> <span class=\"page-numbers dots\">\u2026<\/span> <a class=\"page-numbers\" href=\"https:\/\/insolitoposto.com\/rl_gallery\/galleria\/?rl_gallery_no=1&#038;rl_page=5&#038;rl_lightbox_script=magnific\">5<\/a> <a class=\"next page-numbers\" href=\"https:\/\/insolitoposto.com\/rl_gallery\/galleria\/?rl_gallery_no=1&#038;rl_page=2&#038;rl_lightbox_script=magnific\">Suivante \u00bb<\/a><\/div><div class=\"rl-gallery-button\"><button class=\"rl-button rl-load-more\">Charger plus<\/button><\/div> <\/div>\n\n\n\n<div style=\"height:50px\" aria-hidden=\"true\" class=\"wp-block-spacer\"><\/div>\n<\/div>\n<\/div>\n","protected":false},"excerpt":{"rendered":"<p>Galerie Consultez la galerie pour d\u00e9couvrir les espaces et les services propos\u00e9s par notre structure.<\/p>\n","protected":false},"author":1,"featured_media":3399,"parent":0,"menu_order":0,"comment_status":"closed","ping_status":"closed","template":"","meta":{"_acf_changed":false,"footnotes":""},"class_list":["post-3851","page","type-page","status-publish","has-post-thumbnail","hentry"],"acf":[],"yoast_head":"<!-- This site is optimized with the Yoast SEO plugin v23.7 - https:\/\/yoast.com\/wordpress\/plugins\/seo\/ -->\n<title>Ce que nous proposons - L&#039;insolito posto<\/title>\n<meta name=\"robots\" content=\"index, follow, max-snippet:-1, max-image-preview:large, max-video-preview:-1\" \/>\n<link rel=\"canonical\" href=\"https:\/\/insolitoposto.com\/fr\/ce-que-nous-proposons\/\" \/>\n<meta property=\"og:locale\" content=\"fr_FR\" \/>\n<meta property=\"og:type\" content=\"article\" \/>\n<meta property=\"og:title\" content=\"Ce que nous proposons - L&#039;insolito posto\" \/>\n<meta property=\"og:description\" content=\"Galerie Consultez la galerie pour d\u00e9couvrir les espaces et les services propos\u00e9s par notre structure.\" \/>\n<meta property=\"og:url\" content=\"https:\/\/insolitoposto.com\/fr\/ce-que-nous-proposons\/\" \/>\n<meta property=\"og:site_name\" content=\"L&#039;insolito posto\" \/>\n<meta property=\"article:publisher\" content=\"https:\/\/www.facebook.com\/Linsolito-Posto-112739488281602\" \/>\n<meta property=\"article:modified_time\" content=\"2023-10-05T10:02:48+00:00\" \/>\n<meta property=\"og:image\" content=\"https:\/\/insolitoposto.com\/wp-content\/uploads\/2023\/03\/casa-vacanze-alloggio-insolito-posto-esterni.jpg\" \/>\n\t<meta property=\"og:image:width\" content=\"1920\" \/>\n\t<meta property=\"og:image:height\" content=\"1080\" \/>\n\t<meta property=\"og:image:type\" content=\"image\/jpeg\" \/>\n<meta name=\"twitter:card\" content=\"summary_large_image\" \/>\n<meta name=\"twitter:label1\" content=\"Dur\u00e9e de lecture estim\u00e9e\" \/>\n\t<meta name=\"twitter:data1\" content=\"1 minute\" \/>\n<script type=\"application\/ld+json\" class=\"yoast-schema-graph\">{\"@context\":\"https:\/\/schema.org\",\"@graph\":[{\"@type\":\"WebPage\",\"@id\":\"https:\/\/insolitoposto.com\/fr\/ce-que-nous-proposons\/\",\"url\":\"https:\/\/insolitoposto.com\/fr\/ce-que-nous-proposons\/\",\"name\":\"Ce que nous proposons - L&#039;insolito posto\",\"isPartOf\":{\"@id\":\"https:\/\/insolitoposto.com\/#website\"},\"primaryImageOfPage\":{\"@id\":\"https:\/\/insolitoposto.com\/fr\/ce-que-nous-proposons\/#primaryimage\"},\"image\":{\"@id\":\"https:\/\/insolitoposto.com\/fr\/ce-que-nous-proposons\/#primaryimage\"},\"thumbnailUrl\":\"https:\/\/insolitoposto.com\/wp-content\/uploads\/2023\/03\/casa-vacanze-alloggio-insolito-posto-esterni.jpg\",\"datePublished\":\"2023-01-04T13:42:10+00:00\",\"dateModified\":\"2023-10-05T10:02:48+00:00\",\"breadcrumb\":{\"@id\":\"https:\/\/insolitoposto.com\/fr\/ce-que-nous-proposons\/#breadcrumb\"},\"inLanguage\":\"fr-FR\",\"potentialAction\":[{\"@type\":\"ReadAction\",\"target\":[\"https:\/\/insolitoposto.com\/fr\/ce-que-nous-proposons\/\"]}]},{\"@type\":\"ImageObject\",\"inLanguage\":\"fr-FR\",\"@id\":\"https:\/\/insolitoposto.com\/fr\/ce-que-nous-proposons\/#primaryimage\",\"url\":\"https:\/\/insolitoposto.com\/wp-content\/uploads\/2023\/03\/casa-vacanze-alloggio-insolito-posto-esterni.jpg\",\"contentUrl\":\"https:\/\/insolitoposto.com\/wp-content\/uploads\/2023\/03\/casa-vacanze-alloggio-insolito-posto-esterni.jpg\",\"width\":1920,\"height\":1080},{\"@type\":\"BreadcrumbList\",\"@id\":\"https:\/\/insolitoposto.com\/fr\/ce-que-nous-proposons\/#breadcrumb\",\"itemListElement\":[{\"@type\":\"ListItem\",\"position\":1,\"name\":\"Home\",\"item\":\"https:\/\/insolitoposto.com\/fr\/\"},{\"@type\":\"ListItem\",\"position\":2,\"name\":\"Ce que nous proposons\"}]},{\"@type\":\"WebSite\",\"@id\":\"https:\/\/insolitoposto.com\/#website\",\"url\":\"https:\/\/insolitoposto.com\/\",\"name\":\"L&#039;insolito posto\",\"description\":\"Turismo senza barriere - casa vacanze sociali\",\"publisher\":{\"@id\":\"https:\/\/insolitoposto.com\/#organization\"},\"potentialAction\":[{\"@type\":\"SearchAction\",\"target\":{\"@type\":\"EntryPoint\",\"urlTemplate\":\"https:\/\/insolitoposto.com\/?s={search_term_string}\"},\"query-input\":{\"@type\":\"PropertyValueSpecification\",\"valueRequired\":true,\"valueName\":\"search_term_string\"}}],\"inLanguage\":\"fr-FR\"},{\"@type\":\"Organization\",\"@id\":\"https:\/\/insolitoposto.com\/#organization\",\"name\":\"L'Insolito Posto\",\"alternateName\":\"L'Insolito Posto - Turismo senza barriere\",\"url\":\"https:\/\/insolitoposto.com\/\",\"logo\":{\"@type\":\"ImageObject\",\"inLanguage\":\"fr-FR\",\"@id\":\"https:\/\/insolitoposto.com\/#\/schema\/logo\/image\/\",\"url\":\"https:\/\/insolitoposto.com\/wp-content\/uploads\/2023\/01\/logo_linsolito_posto_header.png\",\"contentUrl\":\"https:\/\/insolitoposto.com\/wp-content\/uploads\/2023\/01\/logo_linsolito_posto_header.png\",\"width\":296,\"height\":160,\"caption\":\"L'Insolito Posto\"},\"image\":{\"@id\":\"https:\/\/insolitoposto.com\/#\/schema\/logo\/image\/\"},\"sameAs\":[\"https:\/\/www.facebook.com\/Linsolito-Posto-112739488281602\"]}]}<\/script>\n<!-- \/ Yoast SEO plugin. -->","yoast_head_json":{"title":"Ce que nous proposons - L&#039;insolito posto","robots":{"index":"index","follow":"follow","max-snippet":"max-snippet:-1","max-image-preview":"max-image-preview:large","max-video-preview":"max-video-preview:-1"},"canonical":"https:\/\/insolitoposto.com\/fr\/ce-que-nous-proposons\/","og_locale":"fr_FR","og_type":"article","og_title":"Ce que nous proposons - L&#039;insolito posto","og_description":"Galerie Consultez la galerie pour d\u00e9couvrir les espaces et les services propos\u00e9s par notre structure.","og_url":"https:\/\/insolitoposto.com\/fr\/ce-que-nous-proposons\/","og_site_name":"L&#039;insolito posto","article_publisher":"https:\/\/www.facebook.com\/Linsolito-Posto-112739488281602","article_modified_time":"2023-10-05T10:02:48+00:00","og_image":[{"width":1920,"height":1080,"url":"https:\/\/insolitoposto.com\/wp-content\/uploads\/2023\/03\/casa-vacanze-alloggio-insolito-posto-esterni.jpg","type":"image\/jpeg"}],"twitter_card":"summary_large_image","twitter_misc":{"Dur\u00e9e de lecture estim\u00e9e":"1 minute"},"schema":{"@context":"https:\/\/schema.org","@graph":[{"@type":"WebPage","@id":"https:\/\/insolitoposto.com\/fr\/ce-que-nous-proposons\/","url":"https:\/\/insolitoposto.com\/fr\/ce-que-nous-proposons\/","name":"Ce que nous proposons - L&#039;insolito posto","isPartOf":{"@id":"https:\/\/insolitoposto.com\/#website"},"primaryImageOfPage":{"@id":"https:\/\/insolitoposto.com\/fr\/ce-que-nous-proposons\/#primaryimage"},"image":{"@id":"https:\/\/insolitoposto.com\/fr\/ce-que-nous-proposons\/#primaryimage"},"thumbnailUrl":"https:\/\/insolitoposto.com\/wp-content\/uploads\/2023\/03\/casa-vacanze-alloggio-insolito-posto-esterni.jpg","datePublished":"2023-01-04T13:42:10+00:00","dateModified":"2023-10-05T10:02:48+00:00","breadcrumb":{"@id":"https:\/\/insolitoposto.com\/fr\/ce-que-nous-proposons\/#breadcrumb"},"inLanguage":"fr-FR","potentialAction":[{"@type":"ReadAction","target":["https:\/\/insolitoposto.com\/fr\/ce-que-nous-proposons\/"]}]},{"@type":"ImageObject","inLanguage":"fr-FR","@id":"https:\/\/insolitoposto.com\/fr\/ce-que-nous-proposons\/#primaryimage","url":"https:\/\/insolitoposto.com\/wp-content\/uploads\/2023\/03\/casa-vacanze-alloggio-insolito-posto-esterni.jpg","contentUrl":"https:\/\/insolitoposto.com\/wp-content\/uploads\/2023\/03\/casa-vacanze-alloggio-insolito-posto-esterni.jpg","width":1920,"height":1080},{"@type":"BreadcrumbList","@id":"https:\/\/insolitoposto.com\/fr\/ce-que-nous-proposons\/#breadcrumb","itemListElement":[{"@type":"ListItem","position":1,"name":"Home","item":"https:\/\/insolitoposto.com\/fr\/"},{"@type":"ListItem","position":2,"name":"Ce que nous proposons"}]},{"@type":"WebSite","@id":"https:\/\/insolitoposto.com\/#website","url":"https:\/\/insolitoposto.com\/","name":"L&#039;insolito posto","description":"Turismo senza barriere - casa vacanze sociali","publisher":{"@id":"https:\/\/insolitoposto.com\/#organization"},"potentialAction":[{"@type":"SearchAction","target":{"@type":"EntryPoint","urlTemplate":"https:\/\/insolitoposto.com\/?s={search_term_string}"},"query-input":{"@type":"PropertyValueSpecification","valueRequired":true,"valueName":"search_term_string"}}],"inLanguage":"fr-FR"},{"@type":"Organization","@id":"https:\/\/insolitoposto.com\/#organization","name":"L'Insolito Posto","alternateName":"L'Insolito Posto - Turismo senza barriere","url":"https:\/\/insolitoposto.com\/","logo":{"@type":"ImageObject","inLanguage":"fr-FR","@id":"https:\/\/insolitoposto.com\/#\/schema\/logo\/image\/","url":"https:\/\/insolitoposto.com\/wp-content\/uploads\/2023\/01\/logo_linsolito_posto_header.png","contentUrl":"https:\/\/insolitoposto.com\/wp-content\/uploads\/2023\/01\/logo_linsolito_posto_header.png","width":296,"height":160,"caption":"L'Insolito Posto"},"image":{"@id":"https:\/\/insolitoposto.com\/#\/schema\/logo\/image\/"},"sameAs":["https:\/\/www.facebook.com\/Linsolito-Posto-112739488281602"]}]}},"_links":{"self":[{"href":"https:\/\/insolitoposto.com\/fr\/wp-json\/wp\/v2\/pages\/3851"}],"collection":[{"href":"https:\/\/insolitoposto.com\/fr\/wp-json\/wp\/v2\/pages"}],"about":[{"href":"https:\/\/insolitoposto.com\/fr\/wp-json\/wp\/v2\/types\/page"}],"author":[{"embeddable":true,"href":"https:\/\/insolitoposto.com\/fr\/wp-json\/wp\/v2\/users\/1"}],"replies":[{"embeddable":true,"href":"https:\/\/insolitoposto.com\/fr\/wp-json\/wp\/v2\/comments?post=3851"}],"version-history":[{"count":9,"href":"https:\/\/insolitoposto.com\/fr\/wp-json\/wp\/v2\/pages\/3851\/revisions"}],"predecessor-version":[{"id":4014,"href":"https:\/\/insolitoposto.com\/fr\/wp-json\/wp\/v2\/pages\/3851\/revisions\/4014"}],"wp:featuredmedia":[{"embeddable":true,"href":"https:\/\/insolitoposto.com\/fr\/wp-json\/wp\/v2\/media\/3399"}],"wp:attachment":[{"href":"https:\/\/insolitoposto.com\/fr\/wp-json\/wp\/v2\/media?parent=3851"}],"curies":[{"name":"wp","href":"https:\/\/api.w.org\/{rel}","templated":true}]}}