{"id":3731,"date":"2023-01-04T14:42:10","date_gmt":"2023-01-04T13:42:10","guid":{"rendered":"https:\/\/insolitoposto.com\/das-haus\/"},"modified":"2023-10-05T12:04:20","modified_gmt":"2023-10-05T10:04:20","slug":"das-haus","status":"publish","type":"page","link":"https:\/\/insolitoposto.com\/de\/das-haus\/","title":{"rendered":"Das Haus"},"content":{"rendered":"\n<div style=\"height:50px\" aria-hidden=\"true\" id=\"zimmer\" class=\"wp-block-spacer\"><\/div>\n\n\n<section class=\"text-and-image about-block cosa-offriamo position-relative left full\" style=\"\">\n  <div class=\"container\">\n    <div class=\"row align-stretch\">\n            <div class=\"col-lg-6 col-12 text-side-block\">\n        <h3 style=\"color:#bc2c31;\">\n          ZIMMER        <\/h3>\n                <div class=\"description\" style=\"color:#444444;\">\n          <p><strong>Ein Ort, an dem man sich zuhause f\u00fchlt. <\/strong><br \/>\nDas Insolito Posto bietet sieben Zimmer mit eigenem Bad. Dabei wurde auf jeden Aspekt geachtet: von der Barrierefreiheit f\u00fcr Menschen mit k\u00f6rperlichen und sensorischen Behinderungen jeder Art bis hin zum Design der Zimmer. Farben, Lichter und R\u00e4ume wurden entworfen, um einen Ort zu schaffen, an dem wir sorglos alles ausleben k\u00f6nnen, was uns au\u00dfergew\u00f6hnlich macht.<\/p>\n<p>Bei Ihrer Ankunft f\u00fchren wir Sie pers\u00f6nlich durch unsere R\u00e4umlichkeiten, erkl\u00e4ren Ihnen die Funktionalit\u00e4t der Hilfsmittel in den Zimmern und bieten Ihnen die M\u00f6glichkeit, einen unbeschwerten Aufenthalt zu genie\u00dfen.<\/p>\n<p>In jedem Zimmer finden Sie neben vielen anderen Annehmlichkeiten auch eine Alexa-Assistentin, die auf Ihren Befehl hin die Beleuchtung und die Temperaturregelung steuert.<\/p>\n<p>F\u00fcr geh\u00f6rlose Menschen wurde die Rezeption mit einem Sprachwandler ausgestattet und die Zimmer verf\u00fcgen \u00fcber ein Warnlicht. Auf Wunsch erhalten Sie auch einen speziellen Wecker.<\/p>\n<p>Alle Zimmer sind mit einer Alarmglocke f\u00fcr Notf\u00e4lle ausgestattet.<\/p>\n        <\/div>\n                    <div class=\"call-to-action\">\n              <a href=\"https:\/\/insolitoposto.com\/de\/zimmer\/\" class=\"call-to-action\" style=\"color:#ffffff;background-color:#bc2c31;\">Buchen Sie<\/a>\n            <\/div>\n                  <\/div>\n            <div class=\"col-lg-6 col-12 image-container\">\n                <div class=\"block-image\" style=\"background-image:url(https:\/\/insolitoposto.com\/wp-content\/uploads\/2023\/03\/camere-cta.jpg);\"><\/div>\n              <\/div>\n          <\/div>\n  <\/div>\n<\/section>\n\n\n<div style=\"height:50px\" aria-hidden=\"true\" id=\"gastronomie\" class=\"wp-block-spacer\"><\/div>\n\n\n<section class=\"text-and-image about-block cosa-offriamo position-relative left full\" style=\"\">\n  <div class=\"container\">\n    <div class=\"row align-stretch\">\n            <div class=\"col-lg-6 col-12 text-side-block\">\n        <h3 style=\"color:#bc2c31;\">\n          GASTRONOMIE        <\/h3>\n                <div class=\"description\" style=\"color:#444444;\">\n          <p><strong>Ein Erlebnis, das Gaumen und Seele erfreut.<\/strong><\/p>\n<div>Der 75 Quadratmeter gro\u00dfe Speisesaal ist zum Fr\u00fchst\u00fcck, Abendessen und f\u00fcr Veranstaltungen ge\u00f6ffnet.<\/div>\n<div>Unsere K\u00fcchenchefs arrangieren gerne Men\u00fcs und Degustationen f\u00fcr ein Erlebnis, das Gaumen und Seele befriedigt.<\/div>\n<div>Bekanntlich sind es die Details, die den Unterschied machen. Daher werden Sie von besonderen Menschen in unserem Team empfangen und bedient.<\/div>\n<div><\/div>\n<div>Ob Buffet, Abendessen oder Bankett: Wir geben unser Bestes, um Geist und Gaumen gleicherma\u00dfen zu befriedigen. Daf\u00fcr servieren wir Ihnen Speisen, die die Zeit stillstehen lassen, w\u00e4hrend Sie unsere \u201eKreationen\u201d genie\u00dfen.<\/div>\n<div><\/div>\n<ul>\n<li>Abendessen f\u00fcr Gruppen und Gesellschaften<\/li>\n<li>Mittagessen und Abendessen f\u00fcr Firmen<\/li>\n<li>Themenabende<\/li>\n<li>Hochzeiten und Feierlichkeiten<\/li>\n<li>Abschlussfeiern<\/li>\n<li>Geburtstage und Jubil\u00e4en<\/li>\n<\/ul>\n<div><\/div>\n<div>Wenn Sie andere Ern\u00e4hrungsbed\u00fcrfnisse haben, schlagen Ihnen unsere Mitarbeiter gerne ebenso k\u00f6stliche Alternativen vor.<\/div>\n<div><\/div>\n<div>Unser Speisesaal mit seinen 50 Innenpl\u00e4tzen und dem gro\u00dfz\u00fcgigen Au\u00dfenbereich ist mit einem Audio-\/Videosystem f\u00fcr interaktive und gesellige Treffen ausgestattet.<\/div>\n<div>Das Hotel liegt 3 km von der Ausfahrt Padua Zona Industriale Interport entfernt und verf\u00fcgt \u00fcber ausreichend kostenlose Parkpl\u00e4tze und Video\u00fcberwachung sowie eine Repower-Ladestation.<\/div>\n        <\/div>\n                    <div class=\"call-to-action\">\n              <a href=\"https:\/\/insolitoposto.com\/de\/kontakt\/#kontakt-formular\" class=\"call-to-action\" style=\"background-color:#bc2c31;\">Informationen anfordern<\/a>\n            <\/div>\n                        <div class=\"call-to-action\">\n              <a href=\"#gallery\" class=\"call-to-action\" style=\"color:#676767;background-color:#eaeaea;\">Zur Galerie<\/a>\n            <\/div>\n                  <\/div>\n            <div class=\"col-lg-6 col-12 image-container\">\n                <div class=\"block-image\" style=\"background-image:url(https:\/\/insolitoposto.com\/wp-content\/uploads\/2023\/03\/sala-ristorazione-10.jpg);\"><\/div>\n              <\/div>\n          <\/div>\n  <\/div>\n<\/section>\n\n\n<div style=\"height:50px\" aria-hidden=\"true\" id=\"mehrzwecksaal\" class=\"wp-block-spacer\"><\/div>\n\n\n<section class=\"text-and-image about-block cosa-offriamo position-relative left full\" style=\"\">\n  <div class=\"container\">\n    <div class=\"row align-stretch\">\n            <div class=\"col-lg-6 col-12 text-side-block\">\n        <h3 style=\"color:#bc2c31;\">\n          MEHRZWECKSAAL        <\/h3>\n                <div class=\"description\" style=\"color:#444444;\">\n          <p><strong>In einem Raum, in dem alles m\u00f6glich ist, sind den Ideen keine Grenzen gesetzt.<\/strong><\/p>\n<div>Er wurde f\u00fcr die Organisation von Tagungen, Workshops, Teambuilding-Aktivit\u00e4ten, Schulungen, Vorstandssitzungen und Produkteinf\u00fchrungen entworfen und eignet sich auch f\u00fcr Partys und Kurse.<\/div>\n<div>Das Hotel liegt 3 km von der Ausfahrt Padova Zona Industriale (Interporto) entfernt und verf\u00fcgt \u00fcber ausreichend kostenlose Parkpl\u00e4tze mit Video\u00fcberwachung und Repower-Ladestation.<\/div>\n<div>Der 135 Quadratmeter gro\u00dfe Saal f\u00fcr maximal 99 G\u00e4ste kann in zwei separate R\u00e4ume unterteilt werden. Er bietet Tageslicht und Fenster, die sich \u00f6ffnen lassen, kann aber auch vollst\u00e4ndig verdunkelt werden.<\/div>\n<div>Der Saal ist mit einem gro\u00dfen Konferenztisch, einem Sprachsystem mit station\u00e4ren und drahtlosen Mikrofonen, Laserpointer, Wi-Fi, Computer, bequeme Konferenzst\u00fchle auch f\u00fcr Linksh\u00e4nder, Videoprojektor und einem interaktiven Whiteboard ausgestattet.<\/div>\n<div><\/div>\n<div>\n<div>Auf Anfrage erh\u00e4ltlich:<\/div>\n<ul>\n<li>Coffee break,<\/li>\n<li>Dinner lunch<\/li>\n<li>Aperitif<\/li>\n<li>Unterst\u00fctzung durch unseren Event Manager<\/li>\n<li>Individuell gestaltete Men\u00fcs<\/li>\n<li>Gruppenbuchungen zu vertraulichen Preisen<\/li>\n<li>\u00dcbernachtungen<\/li>\n<li>Individuell gestaltete Touren<\/li>\n<li>Erlebnisp\u00e4dagogische Aktivit\u00e4ten<\/li>\n<\/ul>\n<\/div>\n        <\/div>\n                    <div class=\"call-to-action\">\n              <a href=\"https:\/\/insolitoposto.com\/de\/kontakt\/#kontakt-formular\" class=\"call-to-action\" style=\"color:#ffffff;background-color:#bc2c31;\">Informationen anfordern<\/a>\n            <\/div>\n                  <\/div>\n            <div class=\"col-lg-6 col-12 image-container\">\n                <div class=\"block-image\" style=\"background-image:url(https:\/\/insolitoposto.com\/wp-content\/uploads\/2023\/03\/sala-polivalente-00.jpg);\"><\/div>\n              <\/div>\n          <\/div>\n  <\/div>\n<\/section>\n\n\n<div style=\"height:50px\" aria-hidden=\"true\" class=\"wp-block-spacer\"><\/div>\n\n\n\n<div class=\"wp-block-columns container mb-5 is-layout-flex wp-container-core-columns-is-layout-1 wp-block-columns-is-layout-flex\" id=\"gallery\">\n<div class=\"wp-block-column is-layout-flow wp-block-column-is-layout-flow\">\n<h3 class=\"wp-block-heading mb-5 has-text-color\" style=\"color:#bc2c31;font-style:normal;font-weight:400;text-transform:uppercase\">Galerie<\/h3>\n\n\n\n<p class=\"has-medium-font-size\">Bl\u00e4ttern Sie in der Galerie und entdecken Sie die R\u00e4umlichkeiten und Dienstleistungen unseres Hauses.<\/p>\n\n\n<div class=\"rl-gallery-container rl-loading rl-pagination-infinite\" id=\"rl-gallery-container-1\" data-gallery_id=\"2513\"> <div class=\"rl-gallery rl-basicgrid-gallery rl-hover-effect-1 rl-hover-icon-1\" id=\"rl-gallery-1\" data-gallery_no=\"1\"> <div class=\"rl-gallery-item\"><a href=\"https:\/\/insolitoposto.com\/wp-content\/uploads\/2023\/03\/esterni-struttura-insolito-posto-1-1.jpg\" title=\"\" data-rl_title=\"\" class=\"rl-gallery-link\" data-rl_caption=\"\" data-rel=\"lightbox-gallery-1\" data-magnific_type=\"gallery\"><img loading=\"lazy\" decoding=\"async\" src=\"https:\/\/insolitoposto.com\/wp-content\/uploads\/2023\/03\/esterni-struttura-insolito-posto-1-1-800x600.jpg\" width=\"800\" height=\"600\" alt=\"\"\/><\/a><\/div><div class=\"rl-gallery-item\"><a href=\"https:\/\/insolitoposto.com\/wp-content\/uploads\/2023\/03\/esterni-struttura-insolito-posto-3.jpg\" title=\"\" data-rl_title=\"\" class=\"rl-gallery-link\" data-rl_caption=\"\" data-rel=\"lightbox-gallery-1\" data-magnific_type=\"gallery\"><img loading=\"lazy\" decoding=\"async\" src=\"https:\/\/insolitoposto.com\/wp-content\/uploads\/2023\/03\/esterni-struttura-insolito-posto-3-800x600.jpg\" width=\"800\" height=\"600\" alt=\"Esterni struttura L&#039;Insolito Posto\"\/><\/a><\/div><div class=\"rl-gallery-item\"><a href=\"https:\/\/insolitoposto.com\/wp-content\/uploads\/2023\/03\/ingresso-esterni-insolito-posto-1.jpg\" title=\"\" data-rl_title=\"\" class=\"rl-gallery-link\" data-rl_caption=\"\" data-rel=\"lightbox-gallery-1\" data-magnific_type=\"gallery\"><img loading=\"lazy\" decoding=\"async\" src=\"https:\/\/insolitoposto.com\/wp-content\/uploads\/2023\/03\/ingresso-esterni-insolito-posto-1-800x600.jpg\" width=\"800\" height=\"600\" alt=\"Ingresso Casa Vacanze Saonara PD\"\/><\/a><\/div><div class=\"rl-gallery-item\"><a href=\"https:\/\/insolitoposto.com\/wp-content\/uploads\/2023\/03\/ingresso-struttura-insolito-posto-1.jpg\" title=\"\" data-rl_title=\"\" class=\"rl-gallery-link\" data-rl_caption=\"\" data-rel=\"lightbox-gallery-1\" data-magnific_type=\"gallery\"><img loading=\"lazy\" decoding=\"async\" src=\"https:\/\/insolitoposto.com\/wp-content\/uploads\/2023\/03\/ingresso-struttura-insolito-posto-1-800x600.jpg\" width=\"800\" height=\"600\" alt=\"Ingresso Casa Vacanze L&#039;Insolito Posto\"\/><\/a><\/div><div class=\"rl-gallery-item\"><a href=\"https:\/\/insolitoposto.com\/wp-content\/uploads\/2023\/03\/esterni-struttura-insolito-posto-2-1.jpg\" title=\"\" data-rl_title=\"\" class=\"rl-gallery-link\" data-rl_caption=\"\" data-rel=\"lightbox-gallery-1\" data-magnific_type=\"gallery\"><img loading=\"lazy\" decoding=\"async\" src=\"https:\/\/insolitoposto.com\/wp-content\/uploads\/2023\/03\/esterni-struttura-insolito-posto-2-1-800x600.jpg\" width=\"800\" height=\"600\" alt=\"\"\/><\/a><\/div><div class=\"rl-gallery-item\"><a href=\"https:\/\/insolitoposto.com\/wp-content\/uploads\/2023\/03\/esterni-struttura-ingresso-lampioni-vista-serale.jpg\" title=\"\" data-rl_title=\"\" class=\"rl-gallery-link\" data-rl_caption=\"\" data-rel=\"lightbox-gallery-1\" data-magnific_type=\"gallery\"><img loading=\"lazy\" decoding=\"async\" src=\"https:\/\/insolitoposto.com\/wp-content\/uploads\/2023\/03\/esterni-struttura-ingresso-lampioni-vista-serale-800x600.jpg\" width=\"800\" height=\"600\" alt=\"Esterni struttura ingresso lampioni vista serale\"\/><\/a><\/div><div class=\"rl-gallery-item\"><a href=\"https:\/\/insolitoposto.com\/wp-content\/uploads\/2023\/03\/esterni-struttura-vista-serale.jpg\" title=\"\" data-rl_title=\"\" class=\"rl-gallery-link\" data-rl_caption=\"\" data-rel=\"lightbox-gallery-1\" data-magnific_type=\"gallery\"><img loading=\"lazy\" decoding=\"async\" src=\"https:\/\/insolitoposto.com\/wp-content\/uploads\/2023\/03\/esterni-struttura-vista-serale-800x600.jpg\" width=\"800\" height=\"600\" alt=\"Luci lampioni esterni struttura vista serale\"\/><\/a><\/div><div class=\"rl-gallery-item\"><a href=\"https:\/\/insolitoposto.com\/wp-content\/uploads\/2023\/03\/reception-insolito-posto-03.jpg\" title=\"\" data-rl_title=\"\" class=\"rl-gallery-link\" data-rl_caption=\"\" data-rel=\"lightbox-gallery-1\" data-magnific_type=\"gallery\"><img loading=\"lazy\" decoding=\"async\" src=\"https:\/\/insolitoposto.com\/wp-content\/uploads\/2023\/03\/reception-insolito-posto-03-800x600.jpg\" width=\"800\" height=\"600\" alt=\"Reception - Ricezione Check-In Check-Out casa vacanze L&#039;Insolito Posto\"\/><\/a><\/div><div class=\"rl-gallery-item\"><a href=\"https:\/\/insolitoposto.com\/wp-content\/uploads\/2023\/03\/reception-insolito-posto-02.jpg\" title=\"\" data-rl_title=\"\" class=\"rl-gallery-link\" data-rl_caption=\"\" data-rel=\"lightbox-gallery-1\" data-magnific_type=\"gallery\"><img loading=\"lazy\" decoding=\"async\" src=\"https:\/\/insolitoposto.com\/wp-content\/uploads\/2023\/03\/reception-insolito-posto-02-800x600.jpg\" width=\"800\" height=\"600\" alt=\"Reception Check-In Check-Out casa vacanze L&#039;Insolito Posto\"\/><\/a><\/div><div class=\"rl-gallery-item\"><a href=\"https:\/\/insolitoposto.com\/wp-content\/uploads\/2023\/03\/reception-insolito-posto-01.jpg\" title=\"\" data-rl_title=\"\" class=\"rl-gallery-link\" data-rl_caption=\"\" data-rel=\"lightbox-gallery-1\" data-magnific_type=\"gallery\"><img loading=\"lazy\" decoding=\"async\" src=\"https:\/\/insolitoposto.com\/wp-content\/uploads\/2023\/03\/reception-insolito-posto-01-800x600.jpg\" width=\"800\" height=\"600\" alt=\"Ricezione Check-In Check-Out casa vacanze L&#039;Insolito Posto\"\/><\/a><\/div><div class=\"rl-gallery-item\"><a href=\"https:\/\/insolitoposto.com\/wp-content\/uploads\/2023\/03\/soffitto-corridoio-lampadari-led.jpg\" title=\"\" data-rl_title=\"\" class=\"rl-gallery-link\" data-rl_caption=\"\" data-rel=\"lightbox-gallery-1\" data-magnific_type=\"gallery\"><img loading=\"lazy\" decoding=\"async\" src=\"https:\/\/insolitoposto.com\/wp-content\/uploads\/2023\/03\/soffitto-corridoio-lampadari-led-800x600.jpg\" width=\"800\" height=\"600\" alt=\"\"\/><\/a><\/div><div class=\"rl-gallery-item\"><a href=\"https:\/\/insolitoposto.com\/wp-content\/uploads\/2023\/03\/corridoio-camere-struttura.jpg\" title=\"\" data-rl_title=\"\" class=\"rl-gallery-link\" data-rl_caption=\"\" data-rel=\"lightbox-gallery-1\" data-magnific_type=\"gallery\"><img loading=\"lazy\" decoding=\"async\" src=\"https:\/\/insolitoposto.com\/wp-content\/uploads\/2023\/03\/corridoio-camere-struttura-800x600.jpg\" width=\"800\" height=\"600\" alt=\"\"\/><\/a><\/div> <\/div> <div class=\"rl-pagination rl-pagination-bottom\" data-button=\"manually\"><span aria-current=\"page\" class=\"page-numbers current\">1<\/span> <a class=\"page-numbers\" href=\"https:\/\/insolitoposto.com\/rl_gallery\/galleria\/?rl_gallery_no=1&#038;rl_page=2&#038;rl_lightbox_script=magnific\">2<\/a> <a class=\"page-numbers\" href=\"https:\/\/insolitoposto.com\/rl_gallery\/galleria\/?rl_gallery_no=1&#038;rl_page=3&#038;rl_lightbox_script=magnific\">3<\/a> <span class=\"page-numbers dots\">&hellip;<\/span> <a class=\"page-numbers\" href=\"https:\/\/insolitoposto.com\/rl_gallery\/galleria\/?rl_gallery_no=1&#038;rl_page=5&#038;rl_lightbox_script=magnific\">5<\/a> <a class=\"next page-numbers\" href=\"https:\/\/insolitoposto.com\/rl_gallery\/galleria\/?rl_gallery_no=1&#038;rl_page=2&#038;rl_lightbox_script=magnific\">weiter &raquo;<\/a><\/div><div class=\"rl-gallery-button\"><button class=\"rl-button rl-load-more\">Weitere laden<\/button><\/div> <\/div>\n\n\n\n<div style=\"height:50px\" aria-hidden=\"true\" class=\"wp-block-spacer\"><\/div>\n<\/div>\n<\/div>\n","protected":false},"excerpt":{"rendered":"<p>Galerie Bl\u00e4ttern Sie in der Galerie und entdecken Sie die R\u00e4umlichkeiten und Dienstleistungen unseres Hauses.<\/p>\n","protected":false},"author":1,"featured_media":3400,"parent":0,"menu_order":0,"comment_status":"closed","ping_status":"closed","template":"","meta":{"_acf_changed":false,"footnotes":""},"class_list":["post-3731","page","type-page","status-publish","has-post-thumbnail","hentry"],"acf":[],"yoast_head":"<!-- This site is optimized with the Yoast SEO plugin v23.7 - https:\/\/yoast.com\/wordpress\/plugins\/seo\/ -->\n<title>Das Haus - L&#039;insolito posto<\/title>\n<meta name=\"robots\" content=\"index, follow, max-snippet:-1, max-image-preview:large, max-video-preview:-1\" \/>\n<link rel=\"canonical\" href=\"https:\/\/insolitoposto.com\/de\/das-haus\/\" \/>\n<meta property=\"og:locale\" content=\"de_DE\" \/>\n<meta property=\"og:type\" content=\"article\" \/>\n<meta property=\"og:title\" content=\"Das Haus - L&#039;insolito posto\" \/>\n<meta property=\"og:description\" content=\"Galerie Bl\u00e4ttern Sie in der Galerie und entdecken Sie die R\u00e4umlichkeiten und Dienstleistungen unseres Hauses.\" \/>\n<meta property=\"og:url\" content=\"https:\/\/insolitoposto.com\/de\/das-haus\/\" \/>\n<meta property=\"og:site_name\" content=\"L&#039;insolito posto\" \/>\n<meta property=\"article:publisher\" content=\"https:\/\/www.facebook.com\/Linsolito-Posto-112739488281602\" \/>\n<meta property=\"article:modified_time\" content=\"2023-10-05T10:04:20+00:00\" \/>\n<meta property=\"og:image\" content=\"https:\/\/insolitoposto.com\/wp-content\/uploads\/2023\/03\/casa-vacanze-alloggio-insolito-posto-esterni.jpg\" \/>\n\t<meta property=\"og:image:width\" content=\"1920\" \/>\n\t<meta property=\"og:image:height\" content=\"1080\" \/>\n\t<meta property=\"og:image:type\" content=\"image\/jpeg\" \/>\n<meta name=\"twitter:card\" content=\"summary_large_image\" \/>\n<meta name=\"twitter:label1\" content=\"Gesch\u00e4tzte Lesezeit\" \/>\n\t<meta name=\"twitter:data1\" content=\"1\u00a0Minute\" \/>\n<script type=\"application\/ld+json\" class=\"yoast-schema-graph\">{\"@context\":\"https:\/\/schema.org\",\"@graph\":[{\"@type\":\"WebPage\",\"@id\":\"https:\/\/insolitoposto.com\/de\/das-haus\/\",\"url\":\"https:\/\/insolitoposto.com\/de\/das-haus\/\",\"name\":\"Das Haus - L&#039;insolito posto\",\"isPartOf\":{\"@id\":\"https:\/\/insolitoposto.com\/#website\"},\"primaryImageOfPage\":{\"@id\":\"https:\/\/insolitoposto.com\/de\/das-haus\/#primaryimage\"},\"image\":{\"@id\":\"https:\/\/insolitoposto.com\/de\/das-haus\/#primaryimage\"},\"thumbnailUrl\":\"https:\/\/insolitoposto.com\/wp-content\/uploads\/2023\/03\/casa-vacanze-alloggio-insolito-posto-esterni.jpg\",\"datePublished\":\"2023-01-04T13:42:10+00:00\",\"dateModified\":\"2023-10-05T10:04:20+00:00\",\"breadcrumb\":{\"@id\":\"https:\/\/insolitoposto.com\/de\/das-haus\/#breadcrumb\"},\"inLanguage\":\"de\",\"potentialAction\":[{\"@type\":\"ReadAction\",\"target\":[\"https:\/\/insolitoposto.com\/de\/das-haus\/\"]}]},{\"@type\":\"ImageObject\",\"inLanguage\":\"de\",\"@id\":\"https:\/\/insolitoposto.com\/de\/das-haus\/#primaryimage\",\"url\":\"https:\/\/insolitoposto.com\/wp-content\/uploads\/2023\/03\/casa-vacanze-alloggio-insolito-posto-esterni.jpg\",\"contentUrl\":\"https:\/\/insolitoposto.com\/wp-content\/uploads\/2023\/03\/casa-vacanze-alloggio-insolito-posto-esterni.jpg\",\"width\":1920,\"height\":1080},{\"@type\":\"BreadcrumbList\",\"@id\":\"https:\/\/insolitoposto.com\/de\/das-haus\/#breadcrumb\",\"itemListElement\":[{\"@type\":\"ListItem\",\"position\":1,\"name\":\"Home\",\"item\":\"https:\/\/insolitoposto.com\/de\/\"},{\"@type\":\"ListItem\",\"position\":2,\"name\":\"Das Haus\"}]},{\"@type\":\"WebSite\",\"@id\":\"https:\/\/insolitoposto.com\/#website\",\"url\":\"https:\/\/insolitoposto.com\/\",\"name\":\"L&#039;insolito posto\",\"description\":\"Turismo senza barriere - casa vacanze sociali\",\"publisher\":{\"@id\":\"https:\/\/insolitoposto.com\/#organization\"},\"potentialAction\":[{\"@type\":\"SearchAction\",\"target\":{\"@type\":\"EntryPoint\",\"urlTemplate\":\"https:\/\/insolitoposto.com\/?s={search_term_string}\"},\"query-input\":{\"@type\":\"PropertyValueSpecification\",\"valueRequired\":true,\"valueName\":\"search_term_string\"}}],\"inLanguage\":\"de\"},{\"@type\":\"Organization\",\"@id\":\"https:\/\/insolitoposto.com\/#organization\",\"name\":\"L'Insolito Posto\",\"alternateName\":\"L'Insolito Posto - Turismo senza barriere\",\"url\":\"https:\/\/insolitoposto.com\/\",\"logo\":{\"@type\":\"ImageObject\",\"inLanguage\":\"de\",\"@id\":\"https:\/\/insolitoposto.com\/#\/schema\/logo\/image\/\",\"url\":\"https:\/\/insolitoposto.com\/wp-content\/uploads\/2023\/01\/logo_linsolito_posto_header.png\",\"contentUrl\":\"https:\/\/insolitoposto.com\/wp-content\/uploads\/2023\/01\/logo_linsolito_posto_header.png\",\"width\":296,\"height\":160,\"caption\":\"L'Insolito Posto\"},\"image\":{\"@id\":\"https:\/\/insolitoposto.com\/#\/schema\/logo\/image\/\"},\"sameAs\":[\"https:\/\/www.facebook.com\/Linsolito-Posto-112739488281602\"]}]}<\/script>\n<!-- \/ Yoast SEO plugin. -->","yoast_head_json":{"title":"Das Haus - L&#039;insolito posto","robots":{"index":"index","follow":"follow","max-snippet":"max-snippet:-1","max-image-preview":"max-image-preview:large","max-video-preview":"max-video-preview:-1"},"canonical":"https:\/\/insolitoposto.com\/de\/das-haus\/","og_locale":"de_DE","og_type":"article","og_title":"Das Haus - L&#039;insolito posto","og_description":"Galerie Bl\u00e4ttern Sie in der Galerie und entdecken Sie die R\u00e4umlichkeiten und Dienstleistungen unseres Hauses.","og_url":"https:\/\/insolitoposto.com\/de\/das-haus\/","og_site_name":"L&#039;insolito posto","article_publisher":"https:\/\/www.facebook.com\/Linsolito-Posto-112739488281602","article_modified_time":"2023-10-05T10:04:20+00:00","og_image":[{"width":1920,"height":1080,"url":"https:\/\/insolitoposto.com\/wp-content\/uploads\/2023\/03\/casa-vacanze-alloggio-insolito-posto-esterni.jpg","type":"image\/jpeg"}],"twitter_card":"summary_large_image","twitter_misc":{"Gesch\u00e4tzte Lesezeit":"1\u00a0Minute"},"schema":{"@context":"https:\/\/schema.org","@graph":[{"@type":"WebPage","@id":"https:\/\/insolitoposto.com\/de\/das-haus\/","url":"https:\/\/insolitoposto.com\/de\/das-haus\/","name":"Das Haus - L&#039;insolito posto","isPartOf":{"@id":"https:\/\/insolitoposto.com\/#website"},"primaryImageOfPage":{"@id":"https:\/\/insolitoposto.com\/de\/das-haus\/#primaryimage"},"image":{"@id":"https:\/\/insolitoposto.com\/de\/das-haus\/#primaryimage"},"thumbnailUrl":"https:\/\/insolitoposto.com\/wp-content\/uploads\/2023\/03\/casa-vacanze-alloggio-insolito-posto-esterni.jpg","datePublished":"2023-01-04T13:42:10+00:00","dateModified":"2023-10-05T10:04:20+00:00","breadcrumb":{"@id":"https:\/\/insolitoposto.com\/de\/das-haus\/#breadcrumb"},"inLanguage":"de","potentialAction":[{"@type":"ReadAction","target":["https:\/\/insolitoposto.com\/de\/das-haus\/"]}]},{"@type":"ImageObject","inLanguage":"de","@id":"https:\/\/insolitoposto.com\/de\/das-haus\/#primaryimage","url":"https:\/\/insolitoposto.com\/wp-content\/uploads\/2023\/03\/casa-vacanze-alloggio-insolito-posto-esterni.jpg","contentUrl":"https:\/\/insolitoposto.com\/wp-content\/uploads\/2023\/03\/casa-vacanze-alloggio-insolito-posto-esterni.jpg","width":1920,"height":1080},{"@type":"BreadcrumbList","@id":"https:\/\/insolitoposto.com\/de\/das-haus\/#breadcrumb","itemListElement":[{"@type":"ListItem","position":1,"name":"Home","item":"https:\/\/insolitoposto.com\/de\/"},{"@type":"ListItem","position":2,"name":"Das Haus"}]},{"@type":"WebSite","@id":"https:\/\/insolitoposto.com\/#website","url":"https:\/\/insolitoposto.com\/","name":"L&#039;insolito posto","description":"Turismo senza barriere - casa vacanze sociali","publisher":{"@id":"https:\/\/insolitoposto.com\/#organization"},"potentialAction":[{"@type":"SearchAction","target":{"@type":"EntryPoint","urlTemplate":"https:\/\/insolitoposto.com\/?s={search_term_string}"},"query-input":{"@type":"PropertyValueSpecification","valueRequired":true,"valueName":"search_term_string"}}],"inLanguage":"de"},{"@type":"Organization","@id":"https:\/\/insolitoposto.com\/#organization","name":"L'Insolito Posto","alternateName":"L'Insolito Posto - Turismo senza barriere","url":"https:\/\/insolitoposto.com\/","logo":{"@type":"ImageObject","inLanguage":"de","@id":"https:\/\/insolitoposto.com\/#\/schema\/logo\/image\/","url":"https:\/\/insolitoposto.com\/wp-content\/uploads\/2023\/01\/logo_linsolito_posto_header.png","contentUrl":"https:\/\/insolitoposto.com\/wp-content\/uploads\/2023\/01\/logo_linsolito_posto_header.png","width":296,"height":160,"caption":"L'Insolito Posto"},"image":{"@id":"https:\/\/insolitoposto.com\/#\/schema\/logo\/image\/"},"sameAs":["https:\/\/www.facebook.com\/Linsolito-Posto-112739488281602"]}]}},"_links":{"self":[{"href":"https:\/\/insolitoposto.com\/de\/wp-json\/wp\/v2\/pages\/3731"}],"collection":[{"href":"https:\/\/insolitoposto.com\/de\/wp-json\/wp\/v2\/pages"}],"about":[{"href":"https:\/\/insolitoposto.com\/de\/wp-json\/wp\/v2\/types\/page"}],"author":[{"embeddable":true,"href":"https:\/\/insolitoposto.com\/de\/wp-json\/wp\/v2\/users\/1"}],"replies":[{"embeddable":true,"href":"https:\/\/insolitoposto.com\/de\/wp-json\/wp\/v2\/comments?post=3731"}],"version-history":[{"count":15,"href":"https:\/\/insolitoposto.com\/de\/wp-json\/wp\/v2\/pages\/3731\/revisions"}],"predecessor-version":[{"id":4017,"href":"https:\/\/insolitoposto.com\/de\/wp-json\/wp\/v2\/pages\/3731\/revisions\/4017"}],"wp:featuredmedia":[{"embeddable":true,"href":"https:\/\/insolitoposto.com\/de\/wp-json\/wp\/v2\/media\/3400"}],"wp:attachment":[{"href":"https:\/\/insolitoposto.com\/de\/wp-json\/wp\/v2\/media?parent=3731"}],"curies":[{"name":"wp","href":"https:\/\/api.w.org\/{rel}","templated":true}]}}