{"id":3720,"date":"2023-01-04T14:41:38","date_gmt":"2023-01-04T13:41:38","guid":{"rendered":"https:\/\/insolitoposto.com\/home\/"},"modified":"2024-02-02T17:01:12","modified_gmt":"2024-02-02T16:01:12","slug":"home","status":"publish","type":"page","link":"https:\/\/insolitoposto.com\/de\/","title":{"rendered":"Home"},"content":{"rendered":"<section class=\"full-width-content home-page-header paraxify\" style=\"background-image:url(https:\/\/insolitoposto.com\/wp-content\/uploads\/2023\/03\/insolito_posto_slide_home_dark.jpg);\">\n  <div class=\"container\">\n    <div class=\"row mb-2\">\n            <div class=\"col-lg-6 col-md-12\">\n\n                  <img decoding=\"async\" src=\"https:\/\/insolitoposto.com\/wp-content\/uploads\/2023\/02\/insolito-posto-introduzione.png\" class=\"full-width-logo\">\n          <h2 class='full-title' style='color:#ffffff;'>Barrierefreier Tourismus<\/h2><div style='color:#ffffff;' class='description pb-4'><p>Ein soziales Ferienhaus, das bis ins kleinste Detail darauf ausgerichtet ist, die Erfahrung eines Urlaubsaufenthalts nicht nur zug\u00e4nglich, sondern auch, einf\u00fchlsamen\u201d zu gestalten. Posto ist ein Ort ohne physische, sensorische und kulturelle Barrieren, der von allen besucht werden kann und an dem die Begegnung im Mittelpunkt steht.<\/p>\n<p>Weil man einen angenehmen Aufenthalt haben kann, w\u00e4hrend man Gutes tut.<\/p>\n<\/div><a style='background-color:#ffffff;color:#b53135;' class='call-to-action' href='https:\/\/insolitoposto.com\/de\/uber-uns\/' title=''>Weitere Informationen<\/a>      <\/div>\n    <\/div>\n  <\/div>\n<\/section>\n\n<section class=\"cta-blocks home-page-cta-header\">\n  <div class=\"container\">\n    <div class=\"row inner-row\">\n                <div class=\"col col-xl-3 col-lg-3 col-6\">\n            <div class=\"inner-block\" style=\"background-image:url(https:\/\/insolitoposto.com\/wp-content\/uploads\/2023\/03\/homepage-camere-01-quad.jpg);\"> \n                          <div class=\"middle-row\">\n\t\t\t\t  \t\t\t\t  <a href=\"https:\/\/insolitoposto.com\/de\/zimmer\/\">\n\t\t\t\t\t\t\t\t\t  Zimmer\t\t\t\t\t\t\t\t  <\/a>\n\t\t\t\t              <\/div>\n                        <\/div>\n          <\/div>\n                    <div class=\"col col-xl-3 col-lg-3 col-6\">\n            <div class=\"inner-block\" style=\"background-image:url(https:\/\/insolitoposto.com\/wp-content\/uploads\/2023\/03\/ristorazione-cta.jpg);\"> \n                          <div class=\"middle-row\">\n\t\t\t\t  \t\t\t\t  <a href=\"https:\/\/insolitoposto.com\/de\/das-haus\/#gastronomie\">\n\t\t\t\t\t\t\t\t\t  Gastronomie\t\t\t\t\t\t\t\t  <\/a>\n\t\t\t\t              <\/div>\n                        <\/div>\n          <\/div>\n                    <div class=\"col col-xl-3 col-lg-3 col-6\">\n            <div class=\"inner-block\" style=\"background-image:url(https:\/\/insolitoposto.com\/wp-content\/uploads\/2023\/03\/sala-polivalente-cta.jpg);\"> \n                          <div class=\"middle-row\">\n\t\t\t\t  \t\t\t\t  <a href=\"https:\/\/insolitoposto.com\/de\/das-haus\/#mehrzwecksaal\">\n\t\t\t\t\t\t\t\t\t  Mehrzwecksaal\t\t\t\t\t\t\t\t  <\/a>\n\t\t\t\t              <\/div>\n                        <\/div>\n          <\/div>\n                    <div class=\"col col-xl-3 col-lg-3 col-6\">\n            <div class=\"inner-block\" style=\"background-image:url(https:\/\/insolitoposto.com\/wp-content\/uploads\/2023\/03\/struttura-cta.jpg);\"> \n                          <div class=\"middle-row\">\n\t\t\t\t  \t\t\t\t  <a href=\"https:\/\/insolitoposto.com\/de\/uber-uns\/#das-haus\">\n\t\t\t\t\t\t\t\t\t  Das Haus\t\t\t\t\t\t\t\t  <\/a>\n\t\t\t\t              <\/div>\n                        <\/div>\n          <\/div>\n              <\/div>\n  <\/div>\n<\/section>\n\n<section class=\"text-and-image about-the-rooms py-lg-5 py-md-5 py-sm-3 py-3 position-relative left \" style=\"\">\n  <div class=\"container\">\n    <div class=\"row align-stretch\">\n            <div class=\"col-lg-6 col-12 text-side-block\">\n        <h1 style=\"color:#bc2c31;\">\n          Die Zimmer        <\/h1>\n                <div class=\"description\" style=\"color:#444444;\">\n          <p>Unsere Zimmer sind f\u00fcr alle Besucher barrierefrei zug\u00e4nglich.<\/p>\n<p>Eleganz, H\u00f6flichkeit und Komfort sind nur einige der Werte, die man bei einem Aufenthalt im Insolito Posto sp\u00fcrt. Die Innenr\u00e4ume sind sehr ger\u00e4umig und hell, jedes Element, von den Schr\u00e4nken bis zu den B\u00e4dern, ist dank verschiedener Technologien und Hilfsmittel barrierefrei zug\u00e4nglich. Au\u00dferdem sind ein Personenlifter und andere Hilfsmittel f\u00fcr Behinderte verf\u00fcgbar.<\/p>\n<p><strong>WIR MACHEN ES UNSEREN G\u00c4STEN NICHT NUR BEQUEM, WIR VERW\u00d6HNEN SIE!<\/strong><\/p>\n        <\/div>\n                    <div class=\"call-to-action\">\n              <a href=\"https:\/\/insolitoposto.com\/de\/zimmer\/\" class=\"call-to-action\" style=\"color:#ffffff;background-color:#bc2c31;\">Weitere Informationen<\/a>\n            <\/div>\n                  <\/div>\n            <div class=\"col-lg-6 col-12 image-container\">\n                <div class=\"block-image\" style=\"background-image:url(https:\/\/insolitoposto.com\/wp-content\/uploads\/2023\/03\/gruppo-icone-accessibilita.png);\"><\/div>\n              <\/div>\n          <\/div>\n  <\/div>\n<\/section>\n\n\n<div class=\"wp-block-columns container-fluid mb-0 pt-lg-5 pt-md-4 pt-sm-3 pb-lg-5 pb-md-4 pb-sm-3 has-background is-layout-flex wp-container-core-columns-is-layout-2 wp-block-columns-is-layout-flex\" style=\"background-color:#fafafa\">\n<div class=\"wp-block-column is-layout-flow wp-block-column-is-layout-flow\">\n<div class=\"wp-block-columns container large-container mb-lg-5 mb-md-4 mb-sm-3 mb-3 is-layout-flex wp-container-core-columns-is-layout-1 wp-block-columns-is-layout-flex\">\n<div class=\"wp-block-column is-layout-flow wp-block-column-is-layout-flow\"><div class=\"rl-gallery-container rl-loading rl-pagination-paged\" id=\"rl-gallery-container-3\" data-gallery_id=\"1638\"> <div class=\"rl-gallery rl-basicgrid-gallery rl-hover-icon-1\" id=\"rl-gallery-3\" data-gallery_no=\"3\"> <div class=\"rl-gallery-item\"><a href=\"https:\/\/insolitoposto.com\/wp-content\/uploads\/2023\/03\/homepage-camere-01-quad.jpg\" title=\"\" data-rl_title=\"\" class=\"rl-gallery-link\" data-rl_caption=\"\" data-rel=\"lightbox-gallery-3\" data-magnific_type=\"gallery\"><img loading=\"lazy\" decoding=\"async\" src=\"https:\/\/insolitoposto.com\/wp-content\/uploads\/2023\/03\/homepage-camere-01-quad-500x500.jpg\" width=\"500\" height=\"500\" alt=\"Interni posti letto - camere dell&#039;Insolito Posto - Struttura ricettiva, turismo senza barriere\"\/><\/a><\/div><div class=\"rl-gallery-item\"><a href=\"https:\/\/insolitoposto.com\/wp-content\/uploads\/2023\/03\/homepage-camere-02-quad.jpg\" title=\"\" data-rl_title=\"\" class=\"rl-gallery-link\" data-rl_caption=\"\" data-rel=\"lightbox-gallery-3\" data-magnific_type=\"gallery\"><img loading=\"lazy\" decoding=\"async\" src=\"https:\/\/insolitoposto.com\/wp-content\/uploads\/2023\/03\/homepage-camere-02-quad-500x500.jpg\" width=\"500\" height=\"500\" alt=\"\"\/><\/a><\/div><div class=\"rl-gallery-item\"><a href=\"https:\/\/insolitoposto.com\/wp-content\/uploads\/2023\/03\/homepage-camere-03-quad.jpg\" title=\"\" data-rl_title=\"\" class=\"rl-gallery-link\" data-rl_caption=\"\" data-rel=\"lightbox-gallery-3\" data-magnific_type=\"gallery\"><img loading=\"lazy\" decoding=\"async\" src=\"https:\/\/insolitoposto.com\/wp-content\/uploads\/2023\/03\/homepage-camere-03-quad-500x500.jpg\" width=\"500\" height=\"500\" alt=\"\"\/><\/a><\/div><div class=\"rl-gallery-item\"><a href=\"https:\/\/insolitoposto.com\/wp-content\/uploads\/2023\/03\/homepage-camere-04-quad.jpg\" title=\"\" data-rl_title=\"\" class=\"rl-gallery-link\" data-rl_caption=\"\" data-rel=\"lightbox-gallery-3\" data-magnific_type=\"gallery\"><img loading=\"lazy\" decoding=\"async\" src=\"https:\/\/insolitoposto.com\/wp-content\/uploads\/2023\/03\/homepage-camere-04-quad-500x500.jpg\" width=\"500\" height=\"500\" alt=\"\"\/><\/a><\/div> <\/div> <div class=\"rl-pagination rl-pagination-bottom\"><\/div> <\/div>\n<\/div>\n<\/div>\n<\/div>\n<\/div>\n\n\n<section class=\"text-and-image catering-home-block paraxify py-lg-5 py-md-5 py-sm-3 py-3 position-relative right \" style=\"background-image:url(https:\/\/insolitoposto.com\/wp-content\/uploads\/2023\/03\/sala-ristorazione-bg-img-opacity1.jpg);\">\n  <div class=\"container\">\n    <div class=\"row align-stretch\">\n      \n      <div class=\"col-lg-6 col-12 image-container\">\n              <\/div>\n            <div class=\"col-lg-6 col-12 text-side-block\">\n        <h2 style=\"color:#000000;\">\n          Gastronomie        <\/h2>\n                <div class=\"description\" style=\"color:#444444;\">\n          <p><span style=\"font-weight: 500;\">Der 75 Quadratmeter gro\u00dfe Speisesaal ist zum Fr\u00fchst\u00fcck, Abendessen und f\u00fcr Veranstaltungen ge\u00f6ffnet. Unsere K\u00fcchenchefs arrangieren gerne Men\u00fcs und Degustationen f\u00fcr ein Erlebnis, das Gaumen und Seele befriedigt.<\/span><br \/>\n<span style=\"font-weight: 500;\">Der Saal bietet Platz f\u00fcr 50 Personen im Innenbereich, verf\u00fcgt \u00fcber einen gro\u00dfen Au\u00dfenbereich und ist mit einem Audio-\/Videosystem f\u00fcr interaktive, gesellige Treffen und mehr ausgestattet:<\/span><\/p>\n<ul style=\"font-weight: 500;\">\n<li>Abendessen f\u00fcr Gruppen und Gesellschaften;<\/li>\n<li>Mittagessen und Abendessen f\u00fcr Firmen;<\/li>\n<li>Themenabende;<\/li>\n<li>Hochzeiten und Feierlichkeiten;<\/li>\n<li>Abschlussfeiern;<\/li>\n<li>Geburtstage und Jubil\u00e4en.<\/li>\n<\/ul>\n<p><span style=\"font-weight: 500;\">Bekanntlich sind es die Details, die den Unterschied machen. Daher werden Sie von besonderen Menschen in unserem Team empfangen und bedient.<\/span><\/p>\n<div class=\"rl-gallery-container rl-loading\" id=\"rl-gallery-container-1\" data-gallery_id=\"1652\"> <div class=\"rl-gallery rl-basicgrid-gallery rl-hover-icon-1\" id=\"rl-gallery-1\" data-gallery_no=\"1\"> <div class=\"rl-gallery-item\"><a href=\"https:\/\/insolitoposto.com\/wp-content\/uploads\/2023\/03\/sala-ristorazione-00.jpg\" title=\"\" data-rl_title=\"\" class=\"rl-gallery-link\" data-rl_caption=\"\" data-rel=\"lightbox-gallery-1\" data-magnific_type=\"gallery\"><img loading=\"lazy\" decoding=\"async\" src=\"https:\/\/insolitoposto.com\/wp-content\/uploads\/2023\/03\/sala-ristorazione-00-500x500.jpg\" width=\"500\" height=\"500\" alt=\"\"\/><\/a><\/div><div class=\"rl-gallery-item\"><a href=\"https:\/\/insolitoposto.com\/wp-content\/uploads\/2023\/03\/sala-ristorazione-04.jpg\" title=\"\" data-rl_title=\"\" class=\"rl-gallery-link\" data-rl_caption=\"\" data-rel=\"lightbox-gallery-1\" data-magnific_type=\"gallery\"><img loading=\"lazy\" decoding=\"async\" src=\"https:\/\/insolitoposto.com\/wp-content\/uploads\/2023\/03\/sala-ristorazione-04-500x500.jpg\" width=\"500\" height=\"500\" alt=\"\"\/><\/a><\/div><div class=\"rl-gallery-item\"><a href=\"https:\/\/insolitoposto.com\/wp-content\/uploads\/2023\/03\/sala-ristorazione-05.jpg\" title=\"\" data-rl_title=\"\" class=\"rl-gallery-link\" data-rl_caption=\"\" data-rel=\"lightbox-gallery-1\" data-magnific_type=\"gallery\"><img loading=\"lazy\" decoding=\"async\" src=\"https:\/\/insolitoposto.com\/wp-content\/uploads\/2023\/03\/sala-ristorazione-05-500x500.jpg\" width=\"500\" height=\"500\" alt=\"\"\/><\/a><\/div> <\/div> <\/div>\n        <\/div>\n        <div class='call-to-action'>\n              <a href=\"https:\/\/insolitoposto.com\/de\/das-haus\/#gastronomie\" class=\"call-to-action-link\" style=\"color:#ffffff;background-color:#bc2c31;\">Weitere Informationen<\/a>\n\n            <\/div>      <\/div>\n          <\/div>\n  <\/div>\n<\/section>\n\n<section class=\"text-and-image conferences-block-home paraxify py-lg-5 py-md-5 py-sm-3 py-3 position-relative left \" style=\"background-image:url(https:\/\/insolitoposto.com\/wp-content\/uploads\/2023\/03\/sala-polivalente-lightgrey1.jpg);\">\n  <div class=\"container\">\n    <div class=\"row align-stretch\">\n            <div class=\"col-lg-6 col-12 text-side-block\">\n        <h2 style=\"color:#000000;\">\n          Mehrzwecksaal        <\/h2>\n                <div class=\"description\" style=\"color:#444444;\">\n          <p>Der 135 Quadratmeter gro\u00dfe Mehrzwecksaal bietet Platz f\u00fcr maximal 99 G\u00e4ste im Auditorium. Er ist f\u00fcr die Organisation von Vorstandssitzungen, Workshops, Teambuilding-Aktivit\u00e4ten, Schulungen, Abendveranstaltungen und Events ausgelegt.<\/p>\n<div class=\"rl-gallery-container rl-loading\" id=\"rl-gallery-container-2\" data-gallery_id=\"1659\"> <div class=\"rl-gallery rl-basicgrid-gallery rl-hover-icon-1\" id=\"rl-gallery-2\" data-gallery_no=\"2\"> <div class=\"rl-gallery-item\"><a href=\"https:\/\/insolitoposto.com\/wp-content\/uploads\/2023\/03\/sala-polivalente-01.jpg\" title=\"\" data-rl_title=\"\" class=\"rl-gallery-link\" data-rl_caption=\"\" data-rel=\"lightbox-gallery-2\" data-magnific_type=\"gallery\"><img loading=\"lazy\" decoding=\"async\" src=\"https:\/\/insolitoposto.com\/wp-content\/uploads\/2023\/03\/sala-polivalente-01-500x500.jpg\" width=\"500\" height=\"500\" alt=\"\"\/><\/a><\/div><div class=\"rl-gallery-item\"><a href=\"https:\/\/insolitoposto.com\/wp-content\/uploads\/2023\/03\/sala-polivalente-00.jpg\" title=\"\" data-rl_title=\"\" class=\"rl-gallery-link\" data-rl_caption=\"\" data-rel=\"lightbox-gallery-2\" data-magnific_type=\"gallery\"><img loading=\"lazy\" decoding=\"async\" src=\"https:\/\/insolitoposto.com\/wp-content\/uploads\/2023\/03\/sala-polivalente-00-500x500.jpg\" width=\"500\" height=\"500\" alt=\"\"\/><\/a><\/div><div class=\"rl-gallery-item\"><a href=\"https:\/\/insolitoposto.com\/wp-content\/uploads\/2023\/03\/sala-polivalente-02.jpg\" title=\"\" data-rl_title=\"\" class=\"rl-gallery-link\" data-rl_caption=\"\" data-rel=\"lightbox-gallery-2\" data-magnific_type=\"gallery\"><img loading=\"lazy\" decoding=\"async\" src=\"https:\/\/insolitoposto.com\/wp-content\/uploads\/2023\/03\/sala-polivalente-02-500x500.jpg\" width=\"500\" height=\"500\" alt=\"\"\/><\/a><\/div> <\/div> <\/div>\n        <\/div>\n                    <div class=\"call-to-action\">\n              <a href=\"https:\/\/insolitoposto.com\/de\/das-haus\/#mehrzwecksaal\" class=\"call-to-action\" style=\"color:#ffffff;background-color:#bc2c31;\">Weitere Informationen<\/a>\n            <\/div>\n                  <\/div>\n            <div class=\"col-lg-6 col-12 image-container\">\n              <\/div>\n          <\/div>\n  <\/div>\n<\/section>\n\n\n<p class=\"has-text-align-center mission-block-home padding-top-3 padding-bottom-3 has-white-color has-text-color has-background\" style=\"background-color:#d3acac\">Das Insolito Post ist ein Ort, <br>an dem jeder Mensch barrierefrei leben kann. <br>Und genau das macht ihn ungew\u00f6hnlich.<\/p>\n\n\n\n<div class=\"wp-block-columns container-fluid mb-0 pt-lg-5 pt-md-4 pt-sm-3 pb-lg-5 pb-md-4 pb-sm-3 has-background is-layout-flex wp-container-core-columns-is-layout-4 wp-block-columns-is-layout-flex\" style=\"background-color:#d3acac\">\n<div class=\"wp-block-column is-layout-flow wp-block-column-is-layout-flow\">\n<div class=\"wp-block-columns container large-container mb-lg-5 mb-md-4 mb-sm-3 mb-3 is-layout-flex wp-container-core-columns-is-layout-3 wp-block-columns-is-layout-flex\">\n<div class=\"wp-block-column is-layout-flow wp-block-column-is-layout-flow\"><div class=\"wp-block-image is-style-default border-radius-30 border-light-3\">\n<figure class=\"aligncenter size-large\"><img loading=\"lazy\" decoding=\"async\" width=\"1280\" height=\"855\" src=\"https:\/\/insolitoposto.com\/wp-content\/uploads\/2024\/02\/Insolito-Posto-Banner-Alperia_DE-1280x855.jpg\" alt=\"\" class=\"wp-image-4108\" srcset=\"https:\/\/insolitoposto.com\/wp-content\/uploads\/2024\/02\/Insolito-Posto-Banner-Alperia_DE-1280x855.jpg 1280w, https:\/\/insolitoposto.com\/wp-content\/uploads\/2024\/02\/Insolito-Posto-Banner-Alperia_DE-300x200.jpg 300w, https:\/\/insolitoposto.com\/wp-content\/uploads\/2024\/02\/Insolito-Posto-Banner-Alperia_DE-768x513.jpg 768w, https:\/\/insolitoposto.com\/wp-content\/uploads\/2024\/02\/Insolito-Posto-Banner-Alperia_DE.jpg 1320w\" sizes=\"(max-width: 1280px) 100vw, 1280px\" \/><\/figure><\/div><\/div>\n<\/div>\n<\/div>\n<\/div>\n\n\n\n<script src=\"https:\/\/unpkg.com\/aos@next\/dist\/aos.js\"><\/script><script>AOS.init({\n  \/\/ Global settings:\n  disable: false, \/\/ accepts following values: 'phone', 'tablet', 'mobile', boolean, expression or function\n  startEvent: 'DOMContentLoaded', \/\/ name of the event dispatched on the document, that AOS should initialize on\n  initClassName: 'aos-init', \/\/ class applied after initialization\n  animatedClassName: 'aos-animate', \/\/ class applied on animation\n  useClassNames: false, \/\/ if true, will add content of `data-aos` as classes on scroll\n  disableMutationObserver: false, \/\/ disables automatic mutations' detections (advanced)\n  debounceDelay: 50, \/\/ the delay on debounce used while resizing window (advanced)\n  throttleDelay: 99, \/\/ the delay on throttle used while scrolling the page (advanced)\n  \n\n  \/\/ Settings that can be overridden on per-element basis, by `data-aos-*` attributes:\n  offset: 120, \/\/ offset (in px) from the original trigger point\n  delay: 0, \/\/ values from 0 to 3000, with step 50ms\n  duration: 400, \/\/ values from 0 to 3000, with step 50ms\n  easing: 'ease', \/\/ default easing for AOS animations\n  once: false, \/\/ whether animation should happen only once - while scrolling down\n  mirror: false, \/\/ whether elements should animate out while scrolling past them\n  anchorPlacement: 'top-bottom', \/\/ defines which position of the element regarding to window should trigger the animation\n\n});\n<\/script><script type=\"text\/javascript\" src=\"\/wp-content\/themes\/l-insolito-posto\/assets\/js\/paraxify.min.js\"><\/script><script>var myParaxify = paraxify('.paraxify', {\n\tspeed: 1,\n\tboost: 0\n});\n<\/script>\n","protected":false},"excerpt":{"rendered":"<p>Das Insolito Post ist ein Ort, an dem jeder Mensch barrierefrei leben kann. Und genau das macht ihn ungew\u00f6hnlich.<\/p>\n","protected":false},"author":1,"featured_media":0,"parent":0,"menu_order":0,"comment_status":"closed","ping_status":"closed","template":"","meta":{"_acf_changed":false,"footnotes":""},"class_list":["post-3720","page","type-page","status-publish","hentry"],"acf":[],"yoast_head":"<!-- This site is optimized with the Yoast SEO plugin v23.7 - https:\/\/yoast.com\/wordpress\/plugins\/seo\/ -->\n<title>Home - L&#039;insolito posto<\/title>\n<meta name=\"robots\" content=\"index, follow, max-snippet:-1, max-image-preview:large, max-video-preview:-1\" \/>\n<link rel=\"canonical\" href=\"https:\/\/insolitoposto.com\/de\/\" \/>\n<meta property=\"og:locale\" content=\"de_DE\" \/>\n<meta property=\"og:type\" content=\"article\" \/>\n<meta property=\"og:title\" content=\"Home - L&#039;insolito posto\" \/>\n<meta property=\"og:description\" content=\"Das Insolito Post ist ein Ort, an dem jeder Mensch barrierefrei leben kann. Und genau das macht ihn ungew\u00f6hnlich.\" \/>\n<meta property=\"og:url\" content=\"https:\/\/insolitoposto.com\/de\/\" \/>\n<meta property=\"og:site_name\" content=\"L&#039;insolito posto\" \/>\n<meta property=\"article:publisher\" content=\"https:\/\/www.facebook.com\/Linsolito-Posto-112739488281602\" \/>\n<meta property=\"article:modified_time\" content=\"2024-02-02T16:01:12+00:00\" \/>\n<meta property=\"og:image\" content=\"https:\/\/insolitoposto.com\/wp-content\/uploads\/2024\/02\/Insolito-Posto-Banner-Alperia_DE-1280x855.jpg\" \/>\n<meta name=\"twitter:card\" content=\"summary_large_image\" \/>\n<meta name=\"twitter:label1\" content=\"Gesch\u00e4tzte Lesezeit\" \/>\n\t<meta name=\"twitter:data1\" content=\"1\u00a0Minute\" \/>\n<script type=\"application\/ld+json\" class=\"yoast-schema-graph\">{\"@context\":\"https:\/\/schema.org\",\"@graph\":[{\"@type\":\"WebPage\",\"@id\":\"https:\/\/insolitoposto.com\/de\/\",\"url\":\"https:\/\/insolitoposto.com\/de\/\",\"name\":\"Home - L&#039;insolito posto\",\"isPartOf\":{\"@id\":\"https:\/\/insolitoposto.com\/#website\"},\"primaryImageOfPage\":{\"@id\":\"https:\/\/insolitoposto.com\/de\/#primaryimage\"},\"image\":{\"@id\":\"https:\/\/insolitoposto.com\/de\/#primaryimage\"},\"thumbnailUrl\":\"https:\/\/insolitoposto.com\/wp-content\/uploads\/2024\/02\/Insolito-Posto-Banner-Alperia_DE-1280x855.jpg\",\"datePublished\":\"2023-01-04T13:41:38+00:00\",\"dateModified\":\"2024-02-02T16:01:12+00:00\",\"breadcrumb\":{\"@id\":\"https:\/\/insolitoposto.com\/de\/#breadcrumb\"},\"inLanguage\":\"de\",\"potentialAction\":[{\"@type\":\"ReadAction\",\"target\":[\"https:\/\/insolitoposto.com\/de\/\"]}]},{\"@type\":\"ImageObject\",\"inLanguage\":\"de\",\"@id\":\"https:\/\/insolitoposto.com\/de\/#primaryimage\",\"url\":\"https:\/\/insolitoposto.com\/wp-content\/uploads\/2024\/02\/Insolito-Posto-Banner-Alperia_DE-1280x855.jpg\",\"contentUrl\":\"https:\/\/insolitoposto.com\/wp-content\/uploads\/2024\/02\/Insolito-Posto-Banner-Alperia_DE-1280x855.jpg\"},{\"@type\":\"BreadcrumbList\",\"@id\":\"https:\/\/insolitoposto.com\/de\/#breadcrumb\",\"itemListElement\":[{\"@type\":\"ListItem\",\"position\":1,\"name\":\"Home\",\"item\":\"https:\/\/insolitoposto.com\/de\/\"},{\"@type\":\"ListItem\",\"position\":2,\"name\":\"Home\"}]},{\"@type\":\"WebSite\",\"@id\":\"https:\/\/insolitoposto.com\/#website\",\"url\":\"https:\/\/insolitoposto.com\/\",\"name\":\"L&#039;insolito posto\",\"description\":\"Turismo senza barriere - casa vacanze sociali\",\"publisher\":{\"@id\":\"https:\/\/insolitoposto.com\/#organization\"},\"potentialAction\":[{\"@type\":\"SearchAction\",\"target\":{\"@type\":\"EntryPoint\",\"urlTemplate\":\"https:\/\/insolitoposto.com\/?s={search_term_string}\"},\"query-input\":{\"@type\":\"PropertyValueSpecification\",\"valueRequired\":true,\"valueName\":\"search_term_string\"}}],\"inLanguage\":\"de\"},{\"@type\":\"Organization\",\"@id\":\"https:\/\/insolitoposto.com\/#organization\",\"name\":\"L'Insolito Posto\",\"alternateName\":\"L'Insolito Posto - Turismo senza barriere\",\"url\":\"https:\/\/insolitoposto.com\/\",\"logo\":{\"@type\":\"ImageObject\",\"inLanguage\":\"de\",\"@id\":\"https:\/\/insolitoposto.com\/#\/schema\/logo\/image\/\",\"url\":\"https:\/\/insolitoposto.com\/wp-content\/uploads\/2023\/01\/logo_linsolito_posto_header.png\",\"contentUrl\":\"https:\/\/insolitoposto.com\/wp-content\/uploads\/2023\/01\/logo_linsolito_posto_header.png\",\"width\":296,\"height\":160,\"caption\":\"L'Insolito Posto\"},\"image\":{\"@id\":\"https:\/\/insolitoposto.com\/#\/schema\/logo\/image\/\"},\"sameAs\":[\"https:\/\/www.facebook.com\/Linsolito-Posto-112739488281602\"]}]}<\/script>\n<!-- \/ Yoast SEO plugin. -->","yoast_head_json":{"title":"Home - L&#039;insolito posto","robots":{"index":"index","follow":"follow","max-snippet":"max-snippet:-1","max-image-preview":"max-image-preview:large","max-video-preview":"max-video-preview:-1"},"canonical":"https:\/\/insolitoposto.com\/de\/","og_locale":"de_DE","og_type":"article","og_title":"Home - L&#039;insolito posto","og_description":"Das Insolito Post ist ein Ort, an dem jeder Mensch barrierefrei leben kann. Und genau das macht ihn ungew\u00f6hnlich.","og_url":"https:\/\/insolitoposto.com\/de\/","og_site_name":"L&#039;insolito posto","article_publisher":"https:\/\/www.facebook.com\/Linsolito-Posto-112739488281602","article_modified_time":"2024-02-02T16:01:12+00:00","og_image":[{"url":"https:\/\/insolitoposto.com\/wp-content\/uploads\/2024\/02\/Insolito-Posto-Banner-Alperia_DE-1280x855.jpg"}],"twitter_card":"summary_large_image","twitter_misc":{"Gesch\u00e4tzte Lesezeit":"1\u00a0Minute"},"schema":{"@context":"https:\/\/schema.org","@graph":[{"@type":"WebPage","@id":"https:\/\/insolitoposto.com\/de\/","url":"https:\/\/insolitoposto.com\/de\/","name":"Home - L&#039;insolito posto","isPartOf":{"@id":"https:\/\/insolitoposto.com\/#website"},"primaryImageOfPage":{"@id":"https:\/\/insolitoposto.com\/de\/#primaryimage"},"image":{"@id":"https:\/\/insolitoposto.com\/de\/#primaryimage"},"thumbnailUrl":"https:\/\/insolitoposto.com\/wp-content\/uploads\/2024\/02\/Insolito-Posto-Banner-Alperia_DE-1280x855.jpg","datePublished":"2023-01-04T13:41:38+00:00","dateModified":"2024-02-02T16:01:12+00:00","breadcrumb":{"@id":"https:\/\/insolitoposto.com\/de\/#breadcrumb"},"inLanguage":"de","potentialAction":[{"@type":"ReadAction","target":["https:\/\/insolitoposto.com\/de\/"]}]},{"@type":"ImageObject","inLanguage":"de","@id":"https:\/\/insolitoposto.com\/de\/#primaryimage","url":"https:\/\/insolitoposto.com\/wp-content\/uploads\/2024\/02\/Insolito-Posto-Banner-Alperia_DE-1280x855.jpg","contentUrl":"https:\/\/insolitoposto.com\/wp-content\/uploads\/2024\/02\/Insolito-Posto-Banner-Alperia_DE-1280x855.jpg"},{"@type":"BreadcrumbList","@id":"https:\/\/insolitoposto.com\/de\/#breadcrumb","itemListElement":[{"@type":"ListItem","position":1,"name":"Home","item":"https:\/\/insolitoposto.com\/de\/"},{"@type":"ListItem","position":2,"name":"Home"}]},{"@type":"WebSite","@id":"https:\/\/insolitoposto.com\/#website","url":"https:\/\/insolitoposto.com\/","name":"L&#039;insolito posto","description":"Turismo senza barriere - casa vacanze sociali","publisher":{"@id":"https:\/\/insolitoposto.com\/#organization"},"potentialAction":[{"@type":"SearchAction","target":{"@type":"EntryPoint","urlTemplate":"https:\/\/insolitoposto.com\/?s={search_term_string}"},"query-input":{"@type":"PropertyValueSpecification","valueRequired":true,"valueName":"search_term_string"}}],"inLanguage":"de"},{"@type":"Organization","@id":"https:\/\/insolitoposto.com\/#organization","name":"L'Insolito Posto","alternateName":"L'Insolito Posto - Turismo senza barriere","url":"https:\/\/insolitoposto.com\/","logo":{"@type":"ImageObject","inLanguage":"de","@id":"https:\/\/insolitoposto.com\/#\/schema\/logo\/image\/","url":"https:\/\/insolitoposto.com\/wp-content\/uploads\/2023\/01\/logo_linsolito_posto_header.png","contentUrl":"https:\/\/insolitoposto.com\/wp-content\/uploads\/2023\/01\/logo_linsolito_posto_header.png","width":296,"height":160,"caption":"L'Insolito Posto"},"image":{"@id":"https:\/\/insolitoposto.com\/#\/schema\/logo\/image\/"},"sameAs":["https:\/\/www.facebook.com\/Linsolito-Posto-112739488281602"]}]}},"_links":{"self":[{"href":"https:\/\/insolitoposto.com\/de\/wp-json\/wp\/v2\/pages\/3720"}],"collection":[{"href":"https:\/\/insolitoposto.com\/de\/wp-json\/wp\/v2\/pages"}],"about":[{"href":"https:\/\/insolitoposto.com\/de\/wp-json\/wp\/v2\/types\/page"}],"author":[{"embeddable":true,"href":"https:\/\/insolitoposto.com\/de\/wp-json\/wp\/v2\/users\/1"}],"replies":[{"embeddable":true,"href":"https:\/\/insolitoposto.com\/de\/wp-json\/wp\/v2\/comments?post=3720"}],"version-history":[{"count":21,"href":"https:\/\/insolitoposto.com\/de\/wp-json\/wp\/v2\/pages\/3720\/revisions"}],"predecessor-version":[{"id":4113,"href":"https:\/\/insolitoposto.com\/de\/wp-json\/wp\/v2\/pages\/3720\/revisions\/4113"}],"wp:attachment":[{"href":"https:\/\/insolitoposto.com\/de\/wp-json\/wp\/v2\/media?parent=3720"}],"curies":[{"name":"wp","href":"https:\/\/api.w.org\/{rel}","templated":true}]}}